{"id":11221,"date":"2018-06-12T23:34:59","date_gmt":"2018-06-12T23:34:59","guid":{"rendered":"https:\/\/www.jabcomix.com\/main\/?page_id=11221"},"modified":"2021-01-09T22:29:01","modified_gmt":"2021-01-10T05:29:01","slug":"step-6-painting-part-1","status":"publish","type":"page","link":"https:\/\/www.jabcomix.com\/main\/es\/tutorial\/step-6-painting-part-1\/","title":{"rendered":"Step 6: Painting Part 1"},"content":{"rendered":"<div id=\"pl-11221\"  class=\"panel-layout\" ><div id=\"pg-11221-0\"  class=\"panel-grid panel-has-style\" ><div class=\"panel-row-style panel-row-style-for-11221-0\" ><div id=\"pgc-11221-0-0\"  class=\"panel-grid-cell panel-grid-cell-empty\" ><\/div><div id=\"pgc-11221-0-1\"  class=\"panel-grid-cell\" ><div id=\"panel-11221-0-1-0\" class=\"so-panel widget widget_sow-editor panel-first-child panel-last-child widgetopts-SO\" data-index=\"0\" ><div\n\t\t\t\n\t\t\tclass=\"so-widget-sow-editor so-widget-sow-editor-base\"\n\t\t\t\n\t\t>\n<div class=\"siteorigin-widget-tinymce textwidget\">\n\t<h2><span style=\"color: #ff9900; font-family: 'Comic Sans MS', cursive, sans-serif;\">Step 6: Painting Part 1<br \/>\n<\/span><\/h2>\n<p><b>Select a Color Pallet: <\/b><\/p>\n<p>In order to begin painting your line drawing, you must first decide what colors you are going to use. Sometimes I create color pallets that are specific to the character that I am about to paint. I even go as far as to naming each color to it\u2019s appropiate usage, i.e. Julia\u2019s hair color, Julia\u2019s eye\u2019s, etc. Naming your colors will help you tremendously, especially when you are creating a series of paintings that will have similar colors. Also, having a custom pallet makes it easy because you can delete the colors that you won\u2019t use and add new ones that you will use. Saving your color pallets is made easy in Corel Photo Paint. Once you have your pallet saved you can always import it into future projects. There are other times when I just use the default color pallet, in which case I don\u2019t even bother customizing my pallet.<\/p>\n<\/div>\n<\/div><\/div><\/div><div id=\"pgc-11221-0-2\"  class=\"panel-grid-cell\" >\n\t\t<div id=\"panel-11221-0-2-0\" class=\"so-panel widget widget_recent-posts widget_recent_entries panel-first-child panel-last-child extendedwopts-hide extendedwopts-tablet extendedwopts-mobile widgetopts-SO\" data-index=\"1\" >\n\t\t<h3 class=\"widget-title\">\u00daltimas actualizaciones<\/h3>\n\t\t<ul>\n\t\t\t\t\t\t\t\t\t\t\t<li>\n\t\t\t\t\t<a href=\"https:\/\/www.jabcomix.com\/main\/es\/2026\/04\/28\/added-a-new-cartoon-pink-pinup-297\/\">Added a New Cartoon Pink Pinup!<\/a>\n\t\t\t\t\t\t\t\t\t<\/li>\n\t\t\t\t\t\t\t\t\t\t\t<li>\n\t\t\t\t\t<a href=\"https:\/\/www.jabcomix.com\/main\/es\/2026\/04\/26\/added-page-1-of-tomb-tart-2\/\">Added Page 1 of Tomb Tart #2!<\/a>\n\t\t\t\t\t\t\t\t\t<\/li>\n\t\t\t\t\t\t\t\t\t\t\t<li>\n\t\t\t\t\t<a href=\"https:\/\/www.jabcomix.com\/main\/es\/2026\/04\/23\/added-page-19-of-artificial-probing-3\/\">Added Page 19 of Artificial Probing #3!<\/a>\n\t\t\t\t\t\t\t\t\t<\/li>\n\t\t\t\t\t<\/ul>\n\n\t\t<\/div><\/div><\/div><\/div><div id=\"pg-11221-1\"  class=\"panel-grid panel-has-style\" ><div class=\"panel-row-style panel-row-style-for-11221-1\" ><div id=\"pgc-11221-1-0\"  class=\"panel-grid-cell\" ><div id=\"panel-11221-1-0-0\" class=\"so-panel widget widget_sow-editor panel-first-child extendedwopts-hide extendedwopts-tablet extendedwopts-mobile widgetopts-SO\" data-index=\"2\" ><div\n\t\t\t\n\t\t\tclass=\"so-widget-sow-editor so-widget-sow-editor-base\"\n\t\t\t\n\t\t>\n<div class=\"siteorigin-widget-tinymce textwidget\">\n\t<div class=\"jabnavbox\"><span style=\"text-decoration: underline\">Navegaci\u00f3n<\/span><br \/>\n<a class=\"sidenav navhome\" href=\"https:\/\/www.jabcomix.com\/main\/\">Inicio<\/a><br \/>\n<a class=\"sidenav navtour\" href=\"https:\/\/www.jabcomix.com\/main\/tour\/\">Recorrer<\/a><br \/>\n<a class=\"sidenav navcomix\" href=\"https:\/\/www.jabcomix.com\/main\/tour\/comix\/\">Comix<\/a><br \/>\n<a class=\"sidenav navjoin\" href=\"https:\/\/www.jabcomix.com\/main\/join\/\">\u00danete<\/a><br \/>\n<a class=\"sidenav navtutorial\" href=\"https:\/\/www.jabcomix.com\/main\/tutorial\">Tutorial<\/a><\/div>\n<\/div>\n<\/div><\/div><div id=\"panel-11221-1-0-1\" class=\"so-panel widget widget_sow-editor panel-last-child extendedwopts-hide extendedwopts-tablet extendedwopts-mobile widgetopts-SO\" data-index=\"3\" ><div\n\t\t\t\n\t\t\tclass=\"so-widget-sow-editor so-widget-sow-editor-base\"\n\t\t\t\n\t\t>\n<div class=\"siteorigin-widget-tinymce textwidget\">\n\t<div class=\"newsletter-box\">\n<form action=\"https:\/\/www.jabcomix.com\/mailinglist\/public\/listmessenger.php\" method=\"post\" data-trp-original-action=\"https:\/\/www.jabcomix.com\/mailinglist\/public\/listmessenger.php\"><span class=\"newsheader\">Hoja informativa<\/span><br \/>\n<label for=\"email_address\">E-mail Address:<br \/>\n<input id=\"email_address\" style=\"font-family: arial; font-size: xx-small;\" name=\"email_address\" size=\"25\" type=\"text\" value=\"\" \/><br \/>\n<\/label><\/p>\n<div><label for=\"action_subscribe\">Suscribir<\/label><input id=\"action_subscribe\" checked=\"checked\" name=\"action\" type=\"radio\" value=\"subscribe\" \/><br \/>\n<label for=\"action_unsubscribe\">Darse de baja<\/label><input id=\"action_unsubscribe\" name=\"action\" type=\"radio\" value=\"unsubscribe\" \/><\/div>\n<div style=\"text-align: right;\"><input style=\"font-family: arial; font-size: xx-small;\" name=\"submit\" type=\"submit\" value=\"Enviar\" \/><\/div>\n<div><span class=\"psmall\">Suscr\u00edbase para recibir las principales noticias, actualizaciones y contenido gratuito de JABcomix directamente en su correo electr\u00f3nico.<\/span><\/div>\n<input type=\"hidden\" name=\"trp-form-language\" value=\"es\"\/><\/form>\n<\/div>\n<\/div>\n<\/div><\/div><\/div><div id=\"pgc-11221-1-1\"  class=\"panel-grid-cell\" ><div id=\"panel-11221-1-1-0\" class=\"so-panel widget widget_sow-editor panel-first-child panel-last-child widgetopts-SO\" data-index=\"4\" ><div\n\t\t\t\n\t\t\tclass=\"so-widget-sow-editor so-widget-sow-editor-base\"\n\t\t\t\n\t\t>\n<div class=\"siteorigin-widget-tinymce textwidget\">\n\t<p><b>Create a New Layer: <\/b><\/p>\n<p>The next step is create a new layer (see image). The reason for creating a new layer is so we can use it for the color level. Have this new layer set at \u201cMultiply\u201d, in order to see your line drawing underneath. It would be a good idea to name this new layer. Give it a name you can easily recognize, like \u201ccolor\u201d or \u201ctones\u201d. There are many ways that you can color your image. Some people just end up flooding the entire layer with one color and then systematically replace certain colors. You can do it that way. However, the way I did it for this demonstration is somewhat different. Since I already have a specific color that I am going to use, flooding the entire page with one color wont work in this case.<\/p>\n<p>&nbsp;<\/p>\n<p><img loading=\"lazy\" decoding=\"async\" src=\"https:\/\/www.jabcomix.com\/jabarchives\/ref\/step06part01.jpg\" width=\"551\" height=\"518\" \/><\/p>\n<p><b><br \/>\nUsing the Magic Wand: <\/b><\/p>\n<p>I paint using the magic wand tool. I just click on a closed area and it selects just that specific area. This is great when you need to airbrush some tones in that area only. It is also helpful when you click on an area and it selects something else that you didn't want, because then you know that you have a leak somewhere in your line drawing. It is better to fix it now than to try and paint it. For this demonstration, I have selected Julia\u2019s left arm and part of her back. Keep in mind that I am still working in the color layer.<\/p>\n<p><b><br \/>\nUsing the Paint Bucket: <\/b><\/p>\n<p>The Paint Bucket tool is pretty straightforward. Choose the paint bucket tool, pick the color you wish to fill with and click in the selected area. Make sure you masked off the area you want to fill in with the Magic Wand tool. The color should fill the whole area that has been selected. Do the same with all the other areas you wish to color. The color will only be filled in the masked area. You must select other areas with the Magic Wand tool in order to paint them. Alternate between your Magic Wand tool and your Paint Bucket tool as you go through your entire drawing. Corel has made this part easy by having the spacebar act as a switch. Pressing your spacebar will take you back to the last tool you used and vice versa. Suffice it to say that this part is easy. The hard part comes later.<\/p>\n<p><b>Using the Brush Tool:<\/b><\/p>\n<p>A. Filling in the remaining color <br \/>\nThis part becomes a little harder because you will be focusing on details. Sometimes the paint bucket tool does not fill in all the nooks and crannys, leaving behind unfilled areas near your line. This happens because your line either is of low quality or you\u2019ve scanned at a low resolution leaving your line somewhat pixelized. Do not worry yourself. All you need is the paint brush tool and a steady hand. I always use the mouse, even when I\u2019m painting, so I\u2019ve managed to control the mouse fairly well. Some of you may use a board with a pen, that\u2019s fine also. However, you must learn to keep you hand steady for this proceedure. That means no masturbating while doing this! Set your brush tool to a sharp edge and 0% tolerance. This means that the brush will paint with full opaqueacy. Make sure you are not using a soft edge. What you want to do here is just fill in the flat color that remains to be filled.<\/p>\n<p><b>B. A talk about techniques <\/b><br \/>\nBefore you begin painting in the color, notice the gray around some of your lines. This means that some of the color did not fill in underneath that line. If you recall earlier that I mentioned that some people just flood the entire page with one color and then replace those colors. Well this tecnique usually takes care of that problem. My tecnique however has created this problem. I use to tear my hair out before trying to figure out how to deal with this problem. Now I can say that I have somewhat fixed this dilema. Of course, nothing beats a drawing that has been inked by a real inker. An inked drawing once scanned leaves a sharp image in which all you have to do is fill in the color. I am not an inker and I find it really hard to do. So I pencil in my drawings which add to this problem of unfilled pixels.<\/p>\n<p><img loading=\"lazy\" decoding=\"async\" src=\"https:\/\/www.jabcomix.com\/jabarchives\/ref\/step06part02.jpg\" width=\"547\" height=\"515\" \/><\/p>\n<p><b><br \/>\nC. Filling in the remaining color (continued)<\/b><br \/>\nAgain I remind you that your hand must be steady. Lay off the coffee and the soda. Select your color, usually the color that you have already used for that area. Remember, you are just filling in color. Hit all the edges with your brush. On internal lines, like Julia\u2019s arm, you can paint right over the line. Make sure you are still in the color level. If for some reason you accidently switched over to the line level, you would have effectively replace your line with a brush stroke. You don\u2019t want that. You want to keep your line. This is the whole purpose of working on an entirely different level.<\/p>\n<p><b>D. A talk about tutorials <\/b><br \/>\nI used to work on one level (Boy was I stupid). This limited me tremendously. If you ever take a look at my earlier stuff you will notice some blue mixed in with my line. That\u2019s before I found that you can work on different levels and still be able to see your original line underneath all that paint. This was like a revelation to me. I don\u2019t claim to know all the techniques and I seriously don\u2019t know all the techniques. That\u2019s why I would recomened you serious artist out there to comb the internet for professional tutorials. I\u2019ve been really disappointed with the bookstores for they seem to lack anything resembling a tutorial like this. I have found some good tutorials that have come out of Japan. I wish I could read Japaneesse because they do some really nice CG work. I have learned some stuff from just looking at the pictures. Other tutorials that I would recommend are at <a href=\"https:\/\/pub127.ezboard.com\/bcartoonandillustrationparadise66133\" target=\"_blank\" rel=\"noopener\">https:\/\/pub127.ezboard.com\/bcartoonandillustrationparadise66133<\/a> They are really good and seem to know their stuff.<br \/>\n<b><br \/>\nE. Filling in the remaining color (continued) <\/b><br \/>\nHopefully you understand what I am trying to convey to you. Don\u2019t worry about tones at this point. You are only concerning yourself with filling in all the flat color. If you switch off the line level you will see where you need to fill in your color. However, always work with the line level on or visable. I do this so I can know where I can bring my color up to. Do this until all your gray is gone. The result will be your line underneath showing through the color on top.<\/p>\n<\/div>\n<\/div><\/div><\/div><div id=\"pgc-11221-1-2\"  class=\"panel-grid-cell\" ><div id=\"panel-11221-1-2-0\" class=\"so-panel widget widget_sow-editor panel-first-child panel-last-child extendedwopts-hide extendedwopts-tablet extendedwopts-mobile widgetopts-SO\" data-index=\"5\" ><div\n\t\t\t\n\t\t\tclass=\"so-widget-sow-editor so-widget-sow-editor-base\"\n\t\t\t\n\t\t>\n<div class=\"siteorigin-widget-tinymce textwidget\">\n\t<p>After you've completed your lessons go ahead and <a href=\"https:\/\/www.jabcomix.com\/main\/join\/\">\u00a1Unete<\/a> y explore nuestra amplia variedad de combinaciones para adultos y la vasta biblioteca de pinups y bocetos exclusivos!<\/p>\n<\/div>\n<\/div><\/div><\/div><\/div><\/div><div id=\"pg-11221-2\"  class=\"panel-grid panel-has-style\" ><div class=\"panel-row-style panel-row-style-for-11221-2\" ><div id=\"pgc-11221-2-0\"  class=\"panel-grid-cell\" ><div id=\"panel-11221-2-0-0\" class=\"so-panel widget widget_sow-editor panel-first-child panel-last-child extendedwopts-hide extendedwopts-tablet extendedwopts-mobile widgetopts-SO\" data-index=\"6\" ><div\n\t\t\t\n\t\t\tclass=\"so-widget-sow-editor so-widget-sow-editor-base\"\n\t\t\t\n\t\t>\n<div class=\"siteorigin-widget-tinymce textwidget\">\n\t<div style=\"width: 80%\"><a class=\"normal\" href=\"https:\/\/www.jabcomix.com\/verotel\/support.php\"><b>Servicios para Miembros<\/b><\/a><br \/>\n<span class=\"psmall\">Busque la informaci\u00f3n de su cuenta, nombres de usuario y contrase\u00f1as perdidos, o cancele su suscripci\u00f3n<\/span><\/div>\n<\/div>\n<\/div><\/div><\/div><div id=\"pgc-11221-2-1\"  class=\"panel-grid-cell panel-grid-cell-empty panel-grid-cell-mobile-last\" ><\/div><div id=\"pgc-11221-2-2\"  class=\"panel-grid-cell panel-grid-cell-empty\" ><\/div><\/div><\/div><div id=\"pg-11221-3\"  class=\"panel-grid panel-has-style\" ><div class=\"panel-row-style panel-row-style-for-11221-3\" ><div id=\"pgc-11221-3-0\"  class=\"panel-grid-cell\" ><div id=\"panel-11221-3-0-0\" class=\"so-panel widget widget_sow-editor panel-first-child panel-last-child extendedwopts-hide extendedwopts-tablet extendedwopts-mobile widgetopts-SO\" data-index=\"7\" ><div\n\t\t\t\n\t\t\tclass=\"so-widget-sow-editor so-widget-sow-editor-base\"\n\t\t\t\n\t\t>\n<div class=\"siteorigin-widget-tinymce textwidget\">\n\t<p>email<br \/>\n<a href=\"mailto:jab@jabcomix.com\"><img decoding=\"async\" src=\"https:\/\/www.jabcomix.com\/decor2\/img-envelope.gif\" \/>  Jab<\/a><br \/>\n<a href=\"mailto:support@jabcomix.com\"><img decoding=\"async\" src=\"https:\/\/www.jabcomix.com\/decor2\/img-envelope.gif\" \/> support<\/a><\/p>\n<\/div>\n<\/div><\/div><\/div><div id=\"pgc-11221-3-1\"  class=\"panel-grid-cell\" ><div id=\"panel-11221-3-1-0\" class=\"so-panel widget widget_sow-editor panel-first-child panel-last-child widgetopts-SO\" data-index=\"8\" ><div class=\"panel-widget-style panel-widget-style-for-11221-3-1-0\" ><div\n\t\t\t\n\t\t\tclass=\"so-widget-sow-editor so-widget-sow-editor-base\"\n\t\t\t\n\t\t>\n<div class=\"siteorigin-widget-tinymce textwidget\">\n\t<div style=\"height: 50px; display: flex; justify-content: space-between; align-items: bottom;\">\n<div style=\"align-self: flex-end;\"><a href=\"https:\/\/www.jabcomix.com\/main\/join\/\">Now that are creating join and find some inspiration!<\/a><a href=\"https:\/\/www.jabcomix.com\/main\/join\/\"><img loading=\"lazy\" decoding=\"async\" style=\"vertical-align: middle;\" src=\"https:\/\/www.jabcomix.com\/decor\/joinnow.gif\" width=\"99\" height=\"24\" border=\"0\" \/><\/a><\/div>\n<div style=\"align-self: flex-end;\"><span style=\"text-align: right;\"><span style=\"font-size: 1.5em;\"><a href=\"https:\/\/www.jabcomix.com\/main\/tutorial\/conclusion\/\">Conclusion &gt;&gt;&gt;<\/a><\/span><\/span><\/div>\n<\/div>\n<\/div>\n<\/div><\/div><\/div><\/div><\/div><\/div><\/div>","protected":false},"excerpt":{"rendered":"<p>Step 6: Painting Part 1 Select a Color Pallet: In order to begin painting your line drawing, you must first decide what colors you are going to use. Sometimes I create color pallets that are specific to the character that I am about to paint. I even go as far as to naming each colorContinue reading &rarr;<\/p>","protected":false},"author":1,"featured_media":0,"parent":11187,"menu_order":0,"comment_status":"closed","ping_status":"closed","template":"","meta":{"footnotes":""},"class_list":["post-11221","page","type-page","status-publish","hentry","no-thumb"],"_links":{"self":[{"href":"https:\/\/www.jabcomix.com\/main\/es\/wp-json\/wp\/v2\/pages\/11221","targetHints":{"allow":["GET"]}}],"collection":[{"href":"https:\/\/www.jabcomix.com\/main\/es\/wp-json\/wp\/v2\/pages"}],"about":[{"href":"https:\/\/www.jabcomix.com\/main\/es\/wp-json\/wp\/v2\/types\/page"}],"author":[{"embeddable":true,"href":"https:\/\/www.jabcomix.com\/main\/es\/wp-json\/wp\/v2\/users\/1"}],"replies":[{"embeddable":true,"href":"https:\/\/www.jabcomix.com\/main\/es\/wp-json\/wp\/v2\/comments?post=11221"}],"version-history":[{"count":0,"href":"https:\/\/www.jabcomix.com\/main\/es\/wp-json\/wp\/v2\/pages\/11221\/revisions"}],"up":[{"embeddable":true,"href":"https:\/\/www.jabcomix.com\/main\/es\/wp-json\/wp\/v2\/pages\/11187"}],"wp:attachment":[{"href":"https:\/\/www.jabcomix.com\/main\/es\/wp-json\/wp\/v2\/media?parent=11221"}],"curies":[{"name":"wp","href":"https:\/\/api.w.org\/{rel}","templated":true}]}}