{"id":11224,"date":"2018-06-12T23:37:21","date_gmt":"2018-06-12T23:37:21","guid":{"rendered":"https:\/\/www.jabcomix.com\/main\/?page_id=11224"},"modified":"2021-01-09T22:29:09","modified_gmt":"2021-01-10T05:29:09","slug":"conclusion","status":"publish","type":"page","link":"https:\/\/www.jabcomix.com\/main\/es\/tutorial\/conclusion\/","title":{"rendered":"Conclusion"},"content":{"rendered":"<div id=\"pl-11224\"  class=\"panel-layout\" ><div id=\"pg-11224-0\"  class=\"panel-grid panel-has-style\" ><div class=\"panel-row-style panel-row-style-for-11224-0\" ><div id=\"pgc-11224-0-0\"  class=\"panel-grid-cell panel-grid-cell-empty\" ><\/div><div id=\"pgc-11224-0-1\"  class=\"panel-grid-cell\" ><div id=\"panel-11224-0-1-0\" class=\"so-panel widget widget_sow-editor panel-first-child panel-last-child widgetopts-SO\" data-index=\"0\" ><div\n\t\t\t\n\t\t\tclass=\"so-widget-sow-editor so-widget-sow-editor-base\"\n\t\t\t\n\t\t>\n<div class=\"siteorigin-widget-tinymce textwidget\">\n\t<h2><span style=\"color: #ff9900; font-family: 'Comic Sans MS', cursive, sans-serif;\">Conclusion<br \/>\n<\/span><\/h2>\n<p>Determine your light source and fill in different color shades in the right places to add depth to your figure. Add your final touches and highlights and voila.. you have your finished piece!<\/p>\n<\/div>\n<\/div><\/div><\/div><div id=\"pgc-11224-0-2\"  class=\"panel-grid-cell\" >\n\t\t<div id=\"panel-11224-0-2-0\" class=\"so-panel widget widget_recent-posts widget_recent_entries panel-first-child panel-last-child extendedwopts-hide extendedwopts-tablet extendedwopts-mobile widgetopts-SO\" data-index=\"1\" >\n\t\t<h3 class=\"widget-title\">\u00daltimas actualizaciones<\/h3>\n\t\t<ul>\n\t\t\t\t\t\t\t\t\t\t\t<li>\n\t\t\t\t\t<a href=\"https:\/\/www.jabcomix.com\/main\/es\/2026\/04\/28\/added-a-new-cartoon-pink-pinup-297\/\">Added a New Cartoon Pink Pinup!<\/a>\n\t\t\t\t\t\t\t\t\t<\/li>\n\t\t\t\t\t\t\t\t\t\t\t<li>\n\t\t\t\t\t<a href=\"https:\/\/www.jabcomix.com\/main\/es\/2026\/04\/26\/added-page-1-of-tomb-tart-2\/\">Added Page 1 of Tomb Tart #2!<\/a>\n\t\t\t\t\t\t\t\t\t<\/li>\n\t\t\t\t\t\t\t\t\t\t\t<li>\n\t\t\t\t\t<a href=\"https:\/\/www.jabcomix.com\/main\/es\/2026\/04\/23\/added-page-19-of-artificial-probing-3\/\">Added Page 19 of Artificial Probing #3!<\/a>\n\t\t\t\t\t\t\t\t\t<\/li>\n\t\t\t\t\t<\/ul>\n\n\t\t<\/div><\/div><\/div><\/div><div id=\"pg-11224-1\"  class=\"panel-grid panel-has-style\" ><div class=\"panel-row-style panel-row-style-for-11224-1\" ><div id=\"pgc-11224-1-0\"  class=\"panel-grid-cell\" ><div id=\"panel-11224-1-0-0\" class=\"so-panel widget widget_sow-editor panel-first-child extendedwopts-hide extendedwopts-tablet extendedwopts-mobile widgetopts-SO\" data-index=\"2\" ><div\n\t\t\t\n\t\t\tclass=\"so-widget-sow-editor so-widget-sow-editor-base\"\n\t\t\t\n\t\t>\n<div class=\"siteorigin-widget-tinymce textwidget\">\n\t<div class=\"jabnavbox\"><span style=\"text-decoration: underline\">Navegaci\u00f3n<\/span><br \/>\n<a class=\"sidenav navhome\" href=\"https:\/\/www.jabcomix.com\/main\/\">Inicio<\/a><br \/>\n<a class=\"sidenav navtour\" href=\"https:\/\/www.jabcomix.com\/main\/tour\/\">Recorrer<\/a><br \/>\n<a class=\"sidenav navcomix\" href=\"https:\/\/www.jabcomix.com\/main\/tour\/comix\/\">Comix<\/a><br \/>\n<a class=\"sidenav navjoin\" href=\"https:\/\/www.jabcomix.com\/main\/join\/\">\u00danete<\/a><br \/>\n<a class=\"sidenav navtutorial\" href=\"https:\/\/www.jabcomix.com\/main\/tutorial\">Tutorial<\/a><\/div>\n<\/div>\n<\/div><\/div><div id=\"panel-11224-1-0-1\" class=\"so-panel widget widget_sow-editor panel-last-child extendedwopts-hide extendedwopts-tablet extendedwopts-mobile widgetopts-SO\" data-index=\"3\" ><div\n\t\t\t\n\t\t\tclass=\"so-widget-sow-editor so-widget-sow-editor-base\"\n\t\t\t\n\t\t>\n<div class=\"siteorigin-widget-tinymce textwidget\">\n\t<div class=\"newsletter-box\">\n<form action=\"https:\/\/www.jabcomix.com\/mailinglist\/public\/listmessenger.php\" method=\"post\" data-trp-original-action=\"https:\/\/www.jabcomix.com\/mailinglist\/public\/listmessenger.php\"><span class=\"newsheader\">Hoja informativa<\/span><br \/>\n<label for=\"email_address\">E-mail Address:<br \/>\n<input id=\"email_address\" style=\"font-family: arial; font-size: xx-small;\" name=\"email_address\" size=\"25\" type=\"text\" value=\"\" \/><br \/>\n<\/label><\/p>\n<div><label for=\"action_subscribe\">Suscribir<\/label><input id=\"action_subscribe\" checked=\"checked\" name=\"action\" type=\"radio\" value=\"subscribe\" \/><br \/>\n<label for=\"action_unsubscribe\">Darse de baja<\/label><input id=\"action_unsubscribe\" name=\"action\" type=\"radio\" value=\"unsubscribe\" \/><\/div>\n<div style=\"text-align: right;\"><input style=\"font-family: arial; font-size: xx-small;\" name=\"submit\" type=\"submit\" value=\"Enviar\" \/><\/div>\n<div><span class=\"psmall\">Suscr\u00edbase para recibir las principales noticias, actualizaciones y contenido gratuito de JABcomix directamente en su correo electr\u00f3nico.<\/span><\/div>\n<input type=\"hidden\" name=\"trp-form-language\" value=\"es\"\/><\/form>\n<\/div>\n<\/div>\n<\/div><\/div><\/div><div id=\"pgc-11224-1-1\"  class=\"panel-grid-cell\" ><div id=\"panel-11224-1-1-0\" class=\"so-panel widget widget_sow-editor panel-first-child panel-last-child widgetopts-SO\" data-index=\"4\" ><div\n\t\t\t\n\t\t\tclass=\"so-widget-sow-editor so-widget-sow-editor-base\"\n\t\t\t\n\t\t>\n<div class=\"siteorigin-widget-tinymce textwidget\">\n\t<p><img loading=\"lazy\" decoding=\"async\" src=\"https:\/\/www.jabcomix.com\/tutorials\/Julia001.jpg\" width=\"398\" height=\"515\" border=\"1\" \/><\/p>\n<\/div>\n<\/div><\/div><\/div><div id=\"pgc-11224-1-2\"  class=\"panel-grid-cell\" ><div id=\"panel-11224-1-2-0\" class=\"so-panel widget widget_sow-editor panel-first-child panel-last-child extendedwopts-hide extendedwopts-tablet extendedwopts-mobile widgetopts-SO\" data-index=\"5\" ><div\n\t\t\t\n\t\t\tclass=\"so-widget-sow-editor so-widget-sow-editor-base\"\n\t\t\t\n\t\t>\n<div class=\"siteorigin-widget-tinymce textwidget\">\n\t<p>After you've completed your lessons go ahead and <a href=\"https:\/\/www.jabcomix.com\/main\/join\/\">\u00a1Unete<\/a> y explore nuestra amplia variedad de combinaciones para adultos y la vasta biblioteca de pinups y bocetos exclusivos!<\/p>\n<\/div>\n<\/div><\/div><\/div><\/div><\/div><div id=\"pg-11224-2\"  class=\"panel-grid panel-has-style\" ><div class=\"panel-row-style panel-row-style-for-11224-2\" ><div id=\"pgc-11224-2-0\"  class=\"panel-grid-cell\" ><div id=\"panel-11224-2-0-0\" class=\"so-panel widget widget_sow-editor panel-first-child panel-last-child extendedwopts-hide extendedwopts-tablet extendedwopts-mobile widgetopts-SO\" data-index=\"6\" ><div\n\t\t\t\n\t\t\tclass=\"so-widget-sow-editor so-widget-sow-editor-base\"\n\t\t\t\n\t\t>\n<div class=\"siteorigin-widget-tinymce textwidget\">\n\t<div style=\"width: 80%\"><a class=\"normal\" href=\"https:\/\/www.jabcomix.com\/verotel\/support.php\"><b>Servicios para Miembros<\/b><\/a><br \/>\n<span class=\"psmall\">Busque la informaci\u00f3n de su cuenta, nombres de usuario y contrase\u00f1as perdidos, o cancele su suscripci\u00f3n<\/span><\/div>\n<\/div>\n<\/div><\/div><\/div><div id=\"pgc-11224-2-1\"  class=\"panel-grid-cell panel-grid-cell-empty panel-grid-cell-mobile-last\" ><\/div><div id=\"pgc-11224-2-2\"  class=\"panel-grid-cell panel-grid-cell-empty\" ><\/div><\/div><\/div><div id=\"pg-11224-3\"  class=\"panel-grid panel-has-style\" ><div class=\"panel-row-style panel-row-style-for-11224-3\" ><div id=\"pgc-11224-3-0\"  class=\"panel-grid-cell\" ><div id=\"panel-11224-3-0-0\" class=\"so-panel widget widget_sow-editor panel-first-child panel-last-child extendedwopts-hide extendedwopts-tablet extendedwopts-mobile widgetopts-SO\" data-index=\"7\" ><div\n\t\t\t\n\t\t\tclass=\"so-widget-sow-editor so-widget-sow-editor-base\"\n\t\t\t\n\t\t>\n<div class=\"siteorigin-widget-tinymce textwidget\">\n\t<p>email<br \/>\n<a href=\"mailto:jab@jabcomix.com\"><img decoding=\"async\" src=\"https:\/\/www.jabcomix.com\/decor2\/img-envelope.gif\" \/>  Jab<\/a><br \/>\n<a href=\"mailto:support@jabcomix.com\"><img decoding=\"async\" src=\"https:\/\/www.jabcomix.com\/decor2\/img-envelope.gif\" \/> support<\/a><\/p>\n<\/div>\n<\/div><\/div><\/div><div id=\"pgc-11224-3-1\"  class=\"panel-grid-cell\" ><div id=\"panel-11224-3-1-0\" class=\"so-panel widget widget_sow-editor panel-first-child panel-last-child widgetopts-SO\" data-index=\"8\" ><div class=\"panel-widget-style panel-widget-style-for-11224-3-1-0\" ><div\n\t\t\t\n\t\t\tclass=\"so-widget-sow-editor so-widget-sow-editor-base\"\n\t\t\t\n\t\t>\n<div class=\"siteorigin-widget-tinymce textwidget\">\n\t<div style=\"height: 50px; display: flex; justify-content: space-between; align-items: bottom;\">\n<div style=\"align-self: flex-end;\"><a href=\"https:\/\/www.jabcomix.com\/main\/join\/\">Now that are creating join and find some inspiration!<\/a><a href=\"https:\/\/www.jabcomix.com\/main\/join\/\"><img loading=\"lazy\" decoding=\"async\" style=\"vertical-align: middle;\" src=\"https:\/\/www.jabcomix.com\/decor\/joinnow.gif\" width=\"99\" height=\"24\" border=\"0\" \/><\/a><\/div>\n<div style=\"align-self: flex-end;\"><span style=\"text-align: right;\"><span style=\"font-size: 1.5em;\"><a href=\"https:\/\/www.jabcomix.com\/main\/join\/\">\u00danete hoy &gt; &gt; &gt;<\/a><\/span><\/span><\/div>\n<\/div>\n<\/div>\n<\/div><\/div><\/div><\/div><\/div><\/div><\/div>","protected":false},"excerpt":{"rendered":"<p>Conclusion Determine your light source and fill in different color shades in the right places to add depth to your figure. Add your final touches and highlights and voila.. you have your finished piece! Navigation Home Tour Comix Join Tutorial Newsletter E-mail Address: Subscribe: UnSubscribe: Subscribe to have major JABcomix news, updates, and free contentContinue reading &rarr;<\/p>","protected":false},"author":1,"featured_media":0,"parent":11187,"menu_order":0,"comment_status":"closed","ping_status":"closed","template":"","meta":{"footnotes":""},"class_list":["post-11224","page","type-page","status-publish","hentry","no-thumb"],"_links":{"self":[{"href":"https:\/\/www.jabcomix.com\/main\/es\/wp-json\/wp\/v2\/pages\/11224","targetHints":{"allow":["GET"]}}],"collection":[{"href":"https:\/\/www.jabcomix.com\/main\/es\/wp-json\/wp\/v2\/pages"}],"about":[{"href":"https:\/\/www.jabcomix.com\/main\/es\/wp-json\/wp\/v2\/types\/page"}],"author":[{"embeddable":true,"href":"https:\/\/www.jabcomix.com\/main\/es\/wp-json\/wp\/v2\/users\/1"}],"replies":[{"embeddable":true,"href":"https:\/\/www.jabcomix.com\/main\/es\/wp-json\/wp\/v2\/comments?post=11224"}],"version-history":[{"count":0,"href":"https:\/\/www.jabcomix.com\/main\/es\/wp-json\/wp\/v2\/pages\/11224\/revisions"}],"up":[{"embeddable":true,"href":"https:\/\/www.jabcomix.com\/main\/es\/wp-json\/wp\/v2\/pages\/11187"}],"wp:attachment":[{"href":"https:\/\/www.jabcomix.com\/main\/es\/wp-json\/wp\/v2\/media?parent=11224"}],"curies":[{"name":"wp","href":"https:\/\/api.w.org\/{rel}","templated":true}]}}