{"id":11883,"date":"2018-11-23T08:28:08","date_gmt":"2018-11-23T15:28:08","guid":{"rendered":"https:\/\/www.jabcomix.com\/main\/?page_id=11883"},"modified":"2021-01-09T22:27:11","modified_gmt":"2021-01-10T05:27:11","slug":"gold","status":"publish","type":"page","link":"https:\/\/www.jabcomix.com\/main\/es\/tour\/gold\/","title":{"rendered":"JABComix Gold Membership"},"content":{"rendered":"<div id=\"pl-11883\"  class=\"panel-layout\" ><div id=\"pg-11883-0\"  class=\"panel-grid panel-has-style\" ><div class=\"panel-row-style panel-row-style-for-11883-0\" ><div id=\"pgc-11883-0-0\"  class=\"panel-grid-cell\" ><div id=\"panel-11883-0-0-0\" class=\"so-panel widget widget_sow-image panel-first-child panel-last-child widgetopts-SO\" data-index=\"0\" ><div\n\t\t\t\n\t\t\tclass=\"so-widget-sow-image so-widget-sow-image-default-8b5b6f678277-11883\"\n\t\t\t\n\t\t>\n<div class=\"sow-image-container\">\n\t\t\t<a href=\"https:\/\/www.jabcomix.com\/main\/es\/tour\/gold\/\"\n\t\t\t\t\t>\n\t\t\t<img \n\tsrc=\"https:\/\/www.jabcomix.com\/main\/wp-content\/uploads\/2018\/11\/GoldIconMain.png\" width=\"225\" height=\"225\" srcset=\"https:\/\/www.jabcomix.com\/main\/wp-content\/uploads\/2018\/11\/GoldIconMain.png 225w, https:\/\/www.jabcomix.com\/main\/wp-content\/uploads\/2018\/11\/GoldIconMain-150x150.png 150w\" sizes=\"(max-width: 225px) 100vw, 225px\" alt=\"JABComix Gold\" \t\tclass=\"so-widget-image\"\/>\n\t\t\t<\/a><\/div>\n\n<\/div><\/div><\/div><div id=\"pgc-11883-0-1\"  class=\"panel-grid-cell\" ><div id=\"panel-11883-0-1-0\" class=\"so-panel widget widget_sow-editor panel-first-child panel-last-child widgetopts-SO\" data-index=\"1\" ><div\n\t\t\t\n\t\t\tclass=\"so-widget-sow-editor so-widget-sow-editor-base\"\n\t\t\t\n\t\t>\n<div class=\"siteorigin-widget-tinymce textwidget\">\n\t<h2><span style=\"color: #ff9900; font-family: 'Comic Sans MS', cursive, sans-serif;\">JABComix Gold Membership<br \/>\n<\/span><\/h2>\n<p><span style=\"font-size: 1.25em;\">Presentamos una nueva forma de explorar tu JABComix serie favorita: \u00a1Con el nivel de acceso exclusivo disponible solo para miembros de nivel Gold, puede explorar nuestro Comix con un nivel de detalle nunca antes posible!<br \/>\n<\/span><\/p>\n<\/div>\n<\/div><\/div><\/div><div id=\"pgc-11883-0-2\"  class=\"panel-grid-cell\" >\n\t\t<div id=\"panel-11883-0-2-0\" class=\"so-panel widget widget_recent-posts widget_recent_entries panel-first-child panel-last-child extendedwopts-hide extendedwopts-tablet extendedwopts-mobile widgetopts-SO\" data-index=\"2\" >\n\t\t<h3 class=\"widget-title\">\u00daltimas actualizaciones<\/h3>\n\t\t<ul>\n\t\t\t\t\t\t\t\t\t\t\t<li>\n\t\t\t\t\t<a href=\"https:\/\/www.jabcomix.com\/main\/es\/2026\/05\/05\/added-page-12-of-holli-would-4\/\">Added Page 12 of Holli Would #4!<\/a>\n\t\t\t\t\t\t\t\t\t<\/li>\n\t\t\t\t\t\t\t\t\t\t\t<li>\n\t\t\t\t\t<a href=\"https:\/\/www.jabcomix.com\/main\/es\/2026\/04\/30\/added-page-20-of-artificial-probing-3\/\">Added Page 20 of Artificial Probing #3!<\/a>\n\t\t\t\t\t\t\t\t\t<\/li>\n\t\t\t\t\t\t\t\t\t\t\t<li>\n\t\t\t\t\t<a href=\"https:\/\/www.jabcomix.com\/main\/es\/2026\/04\/28\/added-a-new-cartoon-pink-pinup-297\/\">Added a New Cartoon Pink Pinup!<\/a>\n\t\t\t\t\t\t\t\t\t<\/li>\n\t\t\t\t\t<\/ul>\n\n\t\t<\/div><\/div><\/div><\/div><div id=\"pg-11883-1\"  class=\"panel-grid panel-has-style\" ><div class=\"panel-row-style panel-row-style-for-11883-1\" ><div id=\"pgc-11883-1-0\"  class=\"panel-grid-cell\" ><div id=\"panel-11883-1-0-0\" class=\"so-panel widget widget_sow-editor panel-first-child panel-last-child extendedwopts-hide extendedwopts-tablet extendedwopts-mobile widgetopts-SO\" data-index=\"3\" ><div\n\t\t\t\n\t\t\tclass=\"so-widget-sow-editor so-widget-sow-editor-base\"\n\t\t\t\n\t\t>\n<div class=\"siteorigin-widget-tinymce textwidget\">\n\t<div class=\"jabnavbox\"><span style=\"text-decoration: underline\">Navegaci\u00f3n<\/span><br \/>\n<a class=\"sidenav navhome\" href=\"https:\/\/www.jabcomix.com\/main\/\">Inicio<\/a><br \/>\n<a class=\"sidenav navtour\" href=\"https:\/\/www.jabcomix.com\/main\/tour\/\">Recorrer<\/a><br \/>\n<a class=\"sidenav navcomix\" href=\"https:\/\/www.jabcomix.com\/main\/tour\/comix\/\">Comix<\/a><br \/>\n<a class=\"sidenav navjoin\" href=\"https:\/\/www.jabcomix.com\/main\/join\/\">\u00danete<\/a><br \/>\n<a class=\"sidenav navtutorial\" href=\"https:\/\/www.jabcomix.com\/main\/tutorial\">Tutorial<\/a><\/div>\n<\/div>\n<\/div><\/div><\/div><div id=\"pgc-11883-1-1\"  class=\"panel-grid-cell\" ><div id=\"panel-11883-1-1-0\" class=\"so-panel widget widget_sow-editor panel-first-child panel-last-child widgetopts-SO\" data-index=\"4\" ><div\n\t\t\t\n\t\t\tclass=\"so-widget-sow-editor so-widget-sow-editor-base\"\n\t\t\t\n\t\t>\n<div class=\"siteorigin-widget-tinymce textwidget\">\n\t<div>\n<p style=\"text-align: center;\"><img loading=\"lazy\" decoding=\"async\" class=\"size-full wp-image-11885 aligncenter\" src=\"https:\/\/www.jabcomix.com\/main\/wp-content\/uploads\/2018\/11\/GOLD-BANNER.png\" alt=\"JABcomix Gold\" width=\"800\" height=\"256\" srcset=\"https:\/\/www.jabcomix.com\/main\/wp-content\/uploads\/2018\/11\/GOLD-BANNER.png 800w, https:\/\/www.jabcomix.com\/main\/wp-content\/uploads\/2018\/11\/GOLD-BANNER-300x96.png 300w, https:\/\/www.jabcomix.com\/main\/wp-content\/uploads\/2018\/11\/GOLD-BANNER-768x246.png 768w\" sizes=\"auto, (max-width: 800px) 100vw, 800px\" \/><\/p>\n<\/div>\n<p style=\"text-align: left;\">We are bringing to you our new Comic Explorer, which lets you view many of our most popular comics throughout their development process, from rough pencil drafts to inking to colorization to final lettering, view and compare in detail the changes a comic goes through as it is made. Check out never before seen original sketches from the early development process, read the script and see how an idea for a hot seen is brought to life! The exclusive access available only with a Gold level membership offers an unparalleled glimpse into the behind-the-scenes process of comic creation! We are always adding new comix to this special feature for our wonderful fans!<\/p>\n<p>Busque los miembros de oro solamente <strong>Lanzar Comic Explorer<\/strong> \u00a1Con\u00e9ctate a temas de c\u00f3mics para ver el historial de producci\u00f3n de un c\u00f3mic y explora los momentos m\u00e1s malos de tus chicas favoritas de JAB en un detalle nuevo e incomparable!<\/p>\n<\/div>\n<\/div><\/div><\/div><div id=\"pgc-11883-1-2\"  class=\"panel-grid-cell\" ><div id=\"panel-11883-1-2-0\" class=\"so-panel widget widget_sow-editor panel-first-child panel-last-child extendedwopts-hide extendedwopts-tablet extendedwopts-mobile widgetopts-SO\" data-index=\"5\" ><div\n\t\t\t\n\t\t\tclass=\"so-widget-sow-editor so-widget-sow-editor-base\"\n\t\t\t\n\t\t>\n<div class=\"siteorigin-widget-tinymce textwidget\">\n\t<p>\u00a1Eche un vistazo a estas p\u00e1ginas y obtenga una vista previa de nuestro emocionante contenido XXX con bellas chicas, milfs calientes y el sexo toon m\u00e1s caliente de la web! Despu\u00e9s de que hayas probado lo que tenemos para ofrecerte. <a href=\"https:\/\/www.jabcomix.com\/main\/join\/\">\u00a1Unete<\/a> y explore nuestra amplia variedad de combinaciones para adultos y la vasta biblioteca de pinups y bocetos exclusivos!<\/p>\n<\/div>\n<\/div><\/div><\/div><\/div><\/div><div id=\"pg-11883-2\"  class=\"panel-grid panel-has-style\" ><div class=\"panel-row-style panel-row-style-for-11883-2\" ><div id=\"pgc-11883-2-0\"  class=\"panel-grid-cell\" ><div id=\"panel-11883-2-0-0\" class=\"so-panel widget widget_sow-editor panel-first-child panel-last-child extendedwopts-hide extendedwopts-tablet extendedwopts-mobile widgetopts-SO\" data-index=\"6\" ><div\n\t\t\t\n\t\t\tclass=\"so-widget-sow-editor so-widget-sow-editor-base\"\n\t\t\t\n\t\t>\n<div class=\"siteorigin-widget-tinymce textwidget\">\n\t<p>email<br \/>\n<a href=\"mailto:jab@jabcomix.com\"><img decoding=\"async\" src=\"https:\/\/www.jabcomix.com\/decor2\/img-envelope.gif\" \/>  Jab<\/a><br \/>\n<a href=\"mailto:support@jabcomix.com\"><img decoding=\"async\" src=\"https:\/\/www.jabcomix.com\/decor2\/img-envelope.gif\" \/> support<\/a><\/p>\n<\/div>\n<\/div><\/div><\/div><div id=\"pgc-11883-2-1\"  class=\"panel-grid-cell\" ><div id=\"panel-11883-2-1-0\" class=\"so-panel widget widget_sow-editor panel-first-child panel-last-child widgetopts-SO\" data-index=\"7\" ><div class=\"panel-widget-style panel-widget-style-for-11883-2-1-0\" ><div\n\t\t\t\n\t\t\tclass=\"so-widget-sow-editor so-widget-sow-editor-base\"\n\t\t\t\n\t\t>\n<div class=\"siteorigin-widget-tinymce textwidget\">\n\t<div style=\"height: 50px; display: flex; justify-content: space-between; align-items: bottom;\">\n<div style=\"align-self: flex-end;\"><a href=\"https:\/\/www.jabcomix.com\/main\/join\/\">Obt\u00e9n acceso instant\u00e1neo a todo esto y mucho m\u00e1s!<\/a><a href=\"https:\/\/www.jabcomix.com\/main\/join\/\"><img loading=\"lazy\" decoding=\"async\" style=\"vertical-align: middle;\" src=\"https:\/\/www.jabcomix.com\/decor\/joinnow.gif\" width=\"99\" height=\"24\" border=\"0\" \/><\/a><\/div>\n<div style=\"align-self: flex-end;\"><span style=\"text-align: right;\"><span style=\"font-size: 1.5em;\"><a href=\"https:\/\/www.jabcomix.com\/main\/tour\/sketches\/\">Continuar el Tour<\/a><\/span><\/span><\/div>\n<\/div>\n<\/div>\n<\/div><\/div><\/div><\/div><\/div><\/div><\/div>","protected":false},"excerpt":{"rendered":"<p>JABComix Gold Membership Introducing a new way to explore your favorite JABcomix series: With the exclusive level of access available only to Gold level members you can explore our Comix in a level of detail never before possible! Navigation Home Tour Comix Join Tutorial We are bringing to you our new Comic Explorer, which letsContinue reading &rarr;<\/p>","protected":false},"author":1,"featured_media":0,"parent":14,"menu_order":0,"comment_status":"closed","ping_status":"closed","template":"","meta":{"footnotes":""},"class_list":["post-11883","page","type-page","status-publish","hentry","no-thumb"],"_links":{"self":[{"href":"https:\/\/www.jabcomix.com\/main\/es\/wp-json\/wp\/v2\/pages\/11883","targetHints":{"allow":["GET"]}}],"collection":[{"href":"https:\/\/www.jabcomix.com\/main\/es\/wp-json\/wp\/v2\/pages"}],"about":[{"href":"https:\/\/www.jabcomix.com\/main\/es\/wp-json\/wp\/v2\/types\/page"}],"author":[{"embeddable":true,"href":"https:\/\/www.jabcomix.com\/main\/es\/wp-json\/wp\/v2\/users\/1"}],"replies":[{"embeddable":true,"href":"https:\/\/www.jabcomix.com\/main\/es\/wp-json\/wp\/v2\/comments?post=11883"}],"version-history":[{"count":0,"href":"https:\/\/www.jabcomix.com\/main\/es\/wp-json\/wp\/v2\/pages\/11883\/revisions"}],"up":[{"embeddable":true,"href":"https:\/\/www.jabcomix.com\/main\/es\/wp-json\/wp\/v2\/pages\/14"}],"wp:attachment":[{"href":"https:\/\/www.jabcomix.com\/main\/es\/wp-json\/wp\/v2\/media?parent=11883"}],"curies":[{"name":"wp","href":"https:\/\/api.w.org\/{rel}","templated":true}]}}