{"id":14,"date":"2017-02-06T05:08:38","date_gmt":"2017-02-06T05:08:38","guid":{"rendered":"https:\/\/www.jabcomix.com\/main\/?page_id=14"},"modified":"2021-01-09T22:31:05","modified_gmt":"2021-01-10T05:31:05","slug":"tour","status":"publish","type":"page","link":"https:\/\/www.jabcomix.com\/main\/es\/tour\/","title":{"rendered":"Recorrer"},"content":{"rendered":"<div id=\"pl-14\"  class=\"panel-layout\" ><div id=\"pg-14-0\"  class=\"panel-grid panel-has-style\" ><div class=\"panel-row-style panel-row-style-for-14-0\" ><div id=\"pgc-14-0-0\"  class=\"panel-grid-cell\" ><div id=\"panel-14-0-0-0\" class=\"so-panel widget widget_siteorigin-panels-builder panel-first-child panel-last-child widgetopts-SO\" data-index=\"0\" ><div class=\"panel-widget-style panel-widget-style-for-14-0-0-0\" ><div id=\"pl-w5ffa911939dd0\"  class=\"panel-layout\" ><div id=\"pg-w5ffa911939dd0-0\"  class=\"panel-grid panel-has-style\" ><div class=\"panel-row-style panel-row-style-for-w5ffa911939dd0-0\" ><div id=\"pgc-w5ffa911939dd0-0-0\"  class=\"panel-grid-cell\" ><div id=\"panel-w5ffa911939dd0-0-0-0\" class=\"so-panel widget widget_sow-image panel-first-child panel-last-child extendedwopts-hide extendedwopts-tablet extendedwopts-mobile widgetopts-SO\" data-index=\"0\" ><div class=\"panel-widget-style panel-widget-style-for-w5ffa911939dd0-0-0-0\" ><div\n\t\t\t\n\t\t\tclass=\"so-widget-sow-image so-widget-sow-image-default-113ccd71f3e6\"\n\t\t\t\n\t\t>\n<div class=\"sow-image-container\">\n\t\t<img \n\tsrc=\"https:\/\/www.jabcomix.com\/main\/wp-content\/uploads\/2018\/06\/TourMainIcon.png\" width=\"200\" height=\"225\" sizes=\"(max-width: 200px) 100vw, 200px\" alt=\"Tour Icon\" \t\tclass=\"so-widget-image\"\/>\n\t<\/div>\n\n<\/div><\/div><\/div><\/div><div id=\"pgc-w5ffa911939dd0-0-1\"  class=\"panel-grid-cell\" ><div id=\"panel-w5ffa911939dd0-0-1-0\" class=\"so-panel widget widget_sow-editor panel-first-child widgetopts-SO\" data-index=\"1\" ><div\n\t\t\t\n\t\t\tclass=\"so-widget-sow-editor so-widget-sow-editor-base\"\n\t\t\t\n\t\t>\n<div class=\"siteorigin-widget-tinymce textwidget\">\n\t<\/div>\n<\/div><\/div><div id=\"panel-w5ffa911939dd0-0-1-1\" class=\"so-panel widget widget_sow-editor panel-last-child widgetopts-SO\" data-index=\"2\" ><div\n\t\t\t\n\t\t\tclass=\"so-widget-sow-editor so-widget-sow-editor-base\"\n\t\t\t\n\t\t>\n<div class=\"siteorigin-widget-tinymce textwidget\">\n\t<h3><span style=\"color: #ff9900; font-family: 'Comic Sans MS', cursive, sans-serif;\">Comics originales y Pinups esperan dentro!<\/span><\/h3>\n<p>Como miembro del JAB obtendr\u00e1s acceso a un mont\u00f3n de exclusivos <strong><a href=\"https:\/\/www.jabcomix.com\/main\/comix\/\">JAB comics<\/a><\/strong>, parodias, bocetos y contenido diverso como los que se muestran a continuaci\u00f3n y m\u00e1s!<\/p>\n<ul>\n<li><strong>M\u00e1s de 1000+<\/strong> Im\u00e1genes a todo color originales de pinups y parodias de dibujos animados, pel\u00edculas, tiras c\u00f3micas y juegos populares, pasados y presentes.<\/li>\n<li><strong>M\u00e1s de 1000+<\/strong> Bocetos<\/li>\n<li><strong>Actualizaciones diarias<\/strong> con contenido original caliente no se encuentra en ning\u00fan otro lugar!<\/li>\n<li><strong>Sala de chat exclusiva 24\/7<\/strong> \u00a1Donde puedes chatear con otros miembros y artistas, incluido el propio Jab!<\/li>\n<\/ul>\n<\/div>\n<\/div><\/div><\/div><div id=\"pgc-w5ffa911939dd0-0-2\"  class=\"panel-grid-cell\" ><div id=\"panel-w5ffa911939dd0-0-2-0\" class=\"so-panel widget widget_sow-editor panel-first-child widgetopts-SO\" data-index=\"3\" ><div\n\t\t\t\n\t\t\tclass=\"so-widget-sow-editor so-widget-sow-editor-base\"\n\t\t\t\n\t\t>\n<div class=\"siteorigin-widget-tinymce textwidget\">\n\t<\/div>\n<\/div><\/div>\n\t\t<div id=\"panel-w5ffa911939dd0-0-2-1\" class=\"so-panel widget widget_recent-posts widget_recent_entries panel-last-child extendedwopts-hide extendedwopts-tablet extendedwopts-mobile widgetopts-SO\" data-index=\"4\" >\n\t\t<h3 class=\"widget-title\">\u00daltimas actualizaciones<\/h3>\n\t\t<ul>\n\t\t\t\t\t\t\t\t\t\t\t<li>\n\t\t\t\t\t<a href=\"https:\/\/www.jabcomix.com\/main\/es\/2026\/05\/10\/added-page-6-of-red-angel-11\/\">Added Page 6 of Red Angel #11!<\/a>\n\t\t\t\t\t\t\t\t\t<\/li>\n\t\t\t\t\t\t\t\t\t\t\t<li>\n\t\t\t\t\t<a href=\"https:\/\/www.jabcomix.com\/main\/es\/2026\/05\/08\/added-page-21-of-artificial-probing-3\/\">Added Page 21 of Artificial Probing #3!<\/a>\n\t\t\t\t\t\t\t\t\t<\/li>\n\t\t\t\t\t\t\t\t\t\t\t<li>\n\t\t\t\t\t<a href=\"https:\/\/www.jabcomix.com\/main\/es\/2026\/05\/07\/added-a-new-cartoon-pink-pinup-298\/\">Added a New Cartoon Pink Pinup!<\/a>\n\t\t\t\t\t\t\t\t\t<\/li>\n\t\t\t\t\t<\/ul>\n\n\t\t<\/div><\/div><\/div><\/div><div id=\"pg-w5ffa911939dd0-1\"  class=\"panel-grid panel-no-style\" ><div id=\"pgc-w5ffa911939dd0-1-0\"  class=\"panel-grid-cell\" ><div id=\"panel-w5ffa911939dd0-1-0-0\" class=\"so-panel widget widget_sow-editor panel-first-child panel-last-child extendedwopts-hide extendedwopts-tablet extendedwopts-mobile widgetopts-SO\" data-index=\"5\" ><div\n\t\t\t\n\t\t\tclass=\"so-widget-sow-editor so-widget-sow-editor-base\"\n\t\t\t\n\t\t>\n<div class=\"siteorigin-widget-tinymce textwidget\">\n\t<div class=\"jabnavbox\"><span style=\"text-decoration: underline\">Navegaci\u00f3n<\/span><br \/>\n<a class=\"sidenav navhome\" href=\"https:\/\/www.jabcomix.com\/main\/\">Inicio<\/a><br \/>\n<a class=\"sidenav navtour\" href=\"https:\/\/www.jabcomix.com\/main\/tour\/\">Recorrer<\/a><br \/>\n<a class=\"sidenav navcomix\" href=\"https:\/\/www.jabcomix.com\/main\/tour\/comix\/\">Comix<\/a><br \/>\n<a class=\"sidenav navjoin\" href=\"https:\/\/www.jabcomix.com\/main\/join\/\">\u00danete<\/a><br \/>\n<a class=\"sidenav navtutorial\" href=\"https:\/\/www.jabcomix.com\/main\/tutorial\">Tutorial<\/a><\/div>\n<\/div>\n<\/div><\/div><\/div><div id=\"pgc-w5ffa911939dd0-1-1\"  class=\"panel-grid-cell\" ><div id=\"panel-w5ffa911939dd0-1-1-0\" class=\"so-panel widget widget_sow-editor panel-first-child extendedwopts-show extendedwopts-tablet extendedwopts-mobile widgetopts-SO\" data-index=\"6\" ><div\n\t\t\t\n\t\t\tclass=\"so-widget-sow-editor so-widget-sow-editor-base\"\n\t\t\t\n\t\t>\n<div class=\"siteorigin-widget-tinymce textwidget\">\n\t<div onclick=\"location.href='https:\/\/www.jabcomix.com\/main\/join\/';\" style=\"text-align: center; background-color: #ffeedb; padding: 10px; width: 100%; border: 2px dashed orange; border-radius: 5px;\"><a href=\"https:\/\/www.jabcomix.com\/main\/join\/\"><strong>Tap Here to Join Today! Exclusive members' only content published daily!<\/strong><\/a><\/div>\n<\/div>\n<\/div><\/div><div id=\"panel-w5ffa911939dd0-1-1-1\" class=\"so-panel widget widget_sow-editor panel-last-child widgetopts-SO\" data-index=\"7\" ><div\n\t\t\t\n\t\t\tclass=\"so-widget-sow-editor so-widget-sow-editor-base\"\n\t\t\t\n\t\t>\n<div class=\"siteorigin-widget-tinymce textwidget\">\n\t<div style=\"border-bottom: 1px dotted #999999; margin-bottom: 5px;\"><span style=\"color: #ff6600; font-size: medium;\"><strong>CIENTOS DE PINUPS ORIGINALES<\/strong><\/span><\/div>\n<p><img loading=\"lazy\" decoding=\"async\" class=\"alignleft size-full wp-image-11153\" src=\"https:\/\/www.jabcomix.com\/main\/wp-content\/uploads\/2018\/06\/pinups-banner.png\" alt=\"\" width=\"800\" height=\"256\" srcset=\"https:\/\/www.jabcomix.com\/main\/wp-content\/uploads\/2018\/06\/pinups-banner.png 800w, https:\/\/www.jabcomix.com\/main\/wp-content\/uploads\/2018\/06\/pinups-banner-300x96.png 300w, https:\/\/www.jabcomix.com\/main\/wp-content\/uploads\/2018\/06\/pinups-banner-768x246.png 768w\" sizes=\"auto, (max-width: 800px) 100vw, 800px\" \/><\/p>\n<p>\u00a1Nuestro equipo dedicado de artistas talentosos tiene demasiadas ideas para las chicas calientes en sus cabezas y el resultado de ese desbordamiento es nuestra extensa variedad de pinups sexy! \u00a1Hemos creado incre\u00edbles obras de arte er\u00f3ticas \u00fanicas durante m\u00e1s de una d\u00e9cada y encontrar\u00e1s el fruto de ese trabajo solo en nuestra exclusiva \u00e1rea para miembros!<\/p>\n<\/div>\n<\/div><\/div><\/div><div id=\"pgc-w5ffa911939dd0-1-2\"  class=\"panel-grid-cell\" ><div id=\"panel-w5ffa911939dd0-1-2-0\" class=\"so-panel widget widget_sow-editor panel-first-child panel-last-child extendedwopts-hide extendedwopts-tablet extendedwopts-mobile widgetopts-SO\" data-index=\"8\" ><div\n\t\t\t\n\t\t\tclass=\"so-widget-sow-editor so-widget-sow-editor-base\"\n\t\t\t\n\t\t>\n<div class=\"siteorigin-widget-tinymce textwidget\">\n\t<p>\u00a1Eche un vistazo a estas p\u00e1ginas y obtenga una vista previa de nuestro emocionante contenido XXX con bellas chicas, milfs calientes y el sexo toon m\u00e1s caliente de la web! Despu\u00e9s de que hayas probado lo que tenemos para ofrecerte. <a href=\"https:\/\/www.jabcomix.com\/main\/join\/\">\u00a1Unete<\/a> y explore nuestra amplia variedad de combinaciones para adultos y la vasta biblioteca de pinups y bocetos exclusivos!<\/p>\n<\/div>\n<\/div><\/div><\/div><\/div><div id=\"pg-w5ffa911939dd0-2\"  class=\"panel-grid panel-no-style\" ><div id=\"pgc-w5ffa911939dd0-2-0\"  class=\"panel-grid-cell\" ><div id=\"panel-w5ffa911939dd0-2-0-0\" class=\"so-panel widget widget_sow-editor panel-first-child panel-last-child extendedwopts-hide extendedwopts-tablet extendedwopts-mobile widgetopts-SO\" data-index=\"9\" ><div\n\t\t\t\n\t\t\tclass=\"so-widget-sow-editor so-widget-sow-editor-base\"\n\t\t\t\n\t\t>\n<div class=\"siteorigin-widget-tinymce textwidget\">\n\t<div class=\"newsletter-box\">\n<form action=\"https:\/\/www.jabcomix.com\/mailinglist\/public\/listmessenger.php\" method=\"post\" data-trp-original-action=\"https:\/\/www.jabcomix.com\/mailinglist\/public\/listmessenger.php\"><span class=\"newsheader\">Hoja informativa<\/span><br \/>\n<label for=\"email_address\">E-mail Address:<br \/>\n<input id=\"email_address\" style=\"font-family: arial; font-size: xx-small;\" name=\"email_address\" size=\"25\" type=\"text\" value=\"\" \/><br \/>\n<\/label><\/p>\n<div><label for=\"action_subscribe\">Suscribir<\/label><input id=\"action_subscribe\" checked=\"checked\" name=\"action\" type=\"radio\" value=\"subscribe\" \/><br \/>\n<label for=\"action_unsubscribe\">Darse de baja<\/label><input id=\"action_unsubscribe\" name=\"action\" type=\"radio\" value=\"unsubscribe\" \/><\/div>\n<div style=\"text-align: right;\"><input style=\"font-family: arial; font-size: xx-small;\" name=\"submit\" type=\"submit\" value=\"Enviar\" \/><\/div>\n<div><span class=\"psmall\">Suscr\u00edbase para recibir las principales noticias, actualizaciones y contenido gratuito de JABcomix directamente en su correo electr\u00f3nico.<\/span><\/div>\n<input type=\"hidden\" name=\"trp-form-language\" value=\"es\"\/><\/form>\n<\/div>\n<\/div>\n<\/div><\/div><\/div><div id=\"pgc-w5ffa911939dd0-2-1\"  class=\"panel-grid-cell panel-grid-cell-mobile-last\" ><div id=\"panel-w5ffa911939dd0-2-1-0\" class=\"so-panel widget widget_sow-editor panel-first-child panel-last-child widgetopts-SO\" data-index=\"10\" ><div\n\t\t\t\n\t\t\tclass=\"so-widget-sow-editor so-widget-sow-editor-base\"\n\t\t\t\n\t\t>\n<div class=\"siteorigin-widget-tinymce textwidget\">\n\t<div style=\"border-bottom: 1px dotted #999999; margin-bottom: 5px;\"><span style=\"color: #ff6600; font-size: medium;\"><strong>EL ARTE DE AMY MATTHEWS<\/strong><\/span><\/div>\n<p>Pinups sexy y sensuales de Julia y Natalie y otras hermosas chicas del talentoso artista Amy Matthews<\/p>\n<\/div>\n<\/div><\/div><\/div><div id=\"pgc-w5ffa911939dd0-2-2\"  class=\"panel-grid-cell panel-grid-cell-empty\" ><\/div><\/div><div id=\"pg-w5ffa911939dd0-3\"  class=\"panel-grid panel-no-style\" ><div id=\"pgc-w5ffa911939dd0-3-0\"  class=\"panel-grid-cell panel-grid-cell-empty\" ><\/div><div id=\"pgc-w5ffa911939dd0-3-1\"  class=\"panel-grid-cell panel-grid-cell-mobile-last\" ><div id=\"panel-w5ffa911939dd0-3-1-0\" class=\"so-panel widget widget_sow-editor panel-first-child panel-last-child widgetopts-SO\" data-index=\"11\" ><div class=\"panel-widget-style panel-widget-style-for-w5ffa911939dd0-3-1-0\" ><div\n\t\t\t\n\t\t\tclass=\"so-widget-sow-editor so-widget-sow-editor-base\"\n\t\t\t\n\t\t>\n<div class=\"siteorigin-widget-tinymce textwidget\">\n\t<div style=\"border-bottom: 1px dotted #999999; margin-bottom: 5px\"><span style=\"color: #ff6600; font-size: medium;\"><strong>JAB JUEGOS<\/strong><\/span><\/div>\n<\/div>\n<\/div><\/div><\/div><\/div><div id=\"pgc-w5ffa911939dd0-3-2\"  class=\"panel-grid-cell panel-grid-cell-empty\" ><\/div><\/div><div id=\"pg-w5ffa911939dd0-4\"  class=\"panel-grid panel-no-style\" ><div id=\"pgc-w5ffa911939dd0-4-0\"  class=\"panel-grid-cell panel-grid-cell-empty\" ><\/div><div id=\"pgc-w5ffa911939dd0-4-1\"  class=\"panel-grid-cell\" ><div id=\"panel-w5ffa911939dd0-4-1-0\" class=\"so-panel widget widget_sow-editor panel-first-child panel-last-child widgetopts-SO\" data-index=\"12\" ><div\n\t\t\t\n\t\t\tclass=\"so-widget-sow-editor so-widget-sow-editor-base\"\n\t\t\t\n\t\t>\n<div class=\"siteorigin-widget-tinymce textwidget\">\n\t<p><img loading=\"lazy\" decoding=\"async\" class=\"alignnone size-medium\" src=\"https:\/\/www.jabcomix.com\/tour\/misc\/jabgames\/blackjack1.jpg\" width=\"275\" height=\"183\" \/><\/p>\n<p><strong>Strip BlackJAB 1<\/strong> featuring Kim Kummings<\/p>\n<\/div>\n<\/div><\/div><\/div><div id=\"pgc-w5ffa911939dd0-4-2\"  class=\"panel-grid-cell panel-grid-cell-mobile-last\" ><div id=\"panel-w5ffa911939dd0-4-2-0\" class=\"so-panel widget widget_sow-editor panel-first-child panel-last-child widgetopts-SO\" data-index=\"13\" ><div\n\t\t\t\n\t\t\tclass=\"so-widget-sow-editor so-widget-sow-editor-base\"\n\t\t\t\n\t\t>\n<div class=\"siteorigin-widget-tinymce textwidget\">\n\t<p><img loading=\"lazy\" decoding=\"async\" class=\"alignnone size-medium\" src=\"https:\/\/www.jabcomix.com\/tour\/misc\/jabgames\/blackjack2.jpg\" width=\"275\" height=\"183\" \/><\/p>\n<p><strong>Strip BlackJAB 2<\/strong> featuring Rita Mae<\/p>\n<\/div>\n<\/div><\/div><\/div><div id=\"pgc-w5ffa911939dd0-4-3\"  class=\"panel-grid-cell panel-grid-cell-empty\" ><\/div><\/div><div id=\"pg-w5ffa911939dd0-5\"  class=\"panel-grid panel-no-style\" ><div id=\"pgc-w5ffa911939dd0-5-0\"  class=\"panel-grid-cell panel-grid-cell-empty\" ><\/div><div id=\"pgc-w5ffa911939dd0-5-1\"  class=\"panel-grid-cell panel-grid-cell-mobile-last\" ><div id=\"panel-w5ffa911939dd0-5-1-0\" class=\"so-panel widget widget_sow-editor panel-first-child panel-last-child widgetopts-SO\" data-index=\"14\" ><div class=\"panel-widget-style panel-widget-style-for-w5ffa911939dd0-5-1-0\" ><div\n\t\t\t\n\t\t\tclass=\"so-widget-sow-editor so-widget-sow-editor-base\"\n\t\t\t\n\t\t>\n<div class=\"siteorigin-widget-tinymce textwidget\">\n\t<div style=\"border-bottom: 1px dotted #999999; margin-bottom: 5px\"><span style=\"color: #ff6600; font-size: medium;\"><strong>JABanimaciones<\/strong><\/span><\/div>\n<p>Animaciones de Hot Flash y gif por JAB, personal de JAB y colaboradores talentosos. Vea toons populares de parodia y sus personajes favoritos del universo JAB en movimiento y animaciones interactivas.<\/p>\n<\/div>\n<\/div><\/div><\/div><\/div><div id=\"pgc-w5ffa911939dd0-5-2\"  class=\"panel-grid-cell panel-grid-cell-empty\" ><\/div><\/div><div id=\"pg-w5ffa911939dd0-6\"  class=\"panel-grid panel-no-style\" ><div id=\"pgc-w5ffa911939dd0-6-0\"  class=\"panel-grid-cell\" ><div id=\"panel-w5ffa911939dd0-6-0-0\" class=\"so-panel widget widget_sow-editor panel-first-child panel-last-child extendedwopts-hide extendedwopts-tablet extendedwopts-mobile widgetopts-SO\" data-index=\"15\" ><div class=\"panel-widget-style panel-widget-style-for-w5ffa911939dd0-6-0-0\" ><div\n\t\t\t\n\t\t\tclass=\"so-widget-sow-editor so-widget-sow-editor-base\"\n\t\t\t\n\t\t>\n<div class=\"siteorigin-widget-tinymce textwidget\">\n\t<div style=\"width: 80%\"><a class=\"normal\" href=\"https:\/\/www.jabcomix.com\/main\/member-services\/\"><b>Servicios para Miembros<\/b><\/a><br \/>\n<span class=\"psmall\">Busque la informaci\u00f3n de su cuenta, nombres de usuario y contrase\u00f1as perdidos, o cancele su suscripci\u00f3n<\/span><\/div>\n<\/div>\n<\/div><\/div><\/div><\/div><div id=\"pgc-w5ffa911939dd0-6-1\"  class=\"panel-grid-cell panel-grid-cell-mobile-last\" ><div id=\"panel-w5ffa911939dd0-6-1-0\" class=\"so-panel widget widget_sow-editor panel-first-child panel-last-child widgetopts-SO\" data-index=\"16\" ><div class=\"panel-widget-style panel-widget-style-for-w5ffa911939dd0-6-1-0\" ><div\n\t\t\t\n\t\t\tclass=\"so-widget-sow-editor so-widget-sow-editor-base\"\n\t\t\t\n\t\t>\n<div class=\"siteorigin-widget-tinymce textwidget\">\n\t<div style=\"border-bottom: 1px dotted #999999; margin-bottom: 5px\"><span style=\"color: #ff6600; font-size: medium;\"><strong>CONCURSOS DE ARTE<\/strong><\/span><\/div>\n<p>De vez en cuando celebramos un Concurso de Arte basado en ciertos temas como XXXMas, Cheerleaders, MILFs, Nurses, Schoolgirls, etc. Encuestamos a nuestros miembros para determinar el ganador. Como miembro, podr\u00e1s ver nuestro archivo de todos los Concursos de Arte pasados y presentes junto con los ganadores y los resultados de las encuestas. Quedar\u00e1 impresionado por el nivel de talento de muchos de nuestros colaboradores. Algunos de los cuales son miembros actuales del personal de JAB, artistas profesionales o aficionados.<\/p>\n<\/div>\n<\/div><\/div><\/div><\/div><div id=\"pgc-w5ffa911939dd0-6-2\"  class=\"panel-grid-cell panel-grid-cell-empty\" ><\/div><\/div><div id=\"pg-w5ffa911939dd0-7\"  class=\"panel-grid panel-has-style\" ><div class=\"panel-row-style panel-row-style-for-w5ffa911939dd0-7\" ><div id=\"pgc-w5ffa911939dd0-7-0\"  class=\"panel-grid-cell\" ><div id=\"panel-w5ffa911939dd0-7-0-0\" class=\"so-panel widget widget_sow-editor panel-first-child panel-last-child extendedwopts-hide extendedwopts-tablet extendedwopts-mobile widgetopts-SO\" data-index=\"17\" ><div\n\t\t\t\n\t\t\tclass=\"so-widget-sow-editor so-widget-sow-editor-base\"\n\t\t\t\n\t\t>\n<div class=\"siteorigin-widget-tinymce textwidget\">\n\t<p>email<br \/>\n<a href=\"mailto:jab@jabcomix.com\"><img decoding=\"async\" src=\"https:\/\/www.jabcomix.com\/decor2\/img-envelope.gif\" \/> Jab<\/a><br \/>\n<a href=\"mailto:support@jabcomix.com\"><img decoding=\"async\" src=\"https:\/\/www.jabcomix.com\/decor2\/img-envelope.gif\" \/> support<\/a><\/p>\n<\/div>\n<\/div><\/div><\/div><div id=\"pgc-w5ffa911939dd0-7-1\"  class=\"panel-grid-cell\" ><div id=\"panel-w5ffa911939dd0-7-1-0\" class=\"so-panel widget widget_sow-editor panel-first-child panel-last-child widgetopts-SO\" data-index=\"18\" ><div class=\"panel-widget-style panel-widget-style-for-w5ffa911939dd0-7-1-0\" ><div\n\t\t\t\n\t\t\tclass=\"so-widget-sow-editor so-widget-sow-editor-base\"\n\t\t\t\n\t\t>\n<div class=\"siteorigin-widget-tinymce textwidget\">\n\t<div style=\"height: 50px; display: flex; justify-content: space-between; align-items: bottom;\">\n<div style=\"align-self: flex-end;\"><a href=\"https:\/\/www.jabcomix.com\/main\/join\/\">Obt\u00e9n acceso instant\u00e1neo a todo esto y mucho m\u00e1s!<\/a><a href=\"https:\/\/www.jabcomix.com\/main\/join\/\"><img loading=\"lazy\" decoding=\"async\" style=\"vertical-align: middle;\" src=\"https:\/\/www.jabcomix.com\/decor\/joinnow.gif\" width=\"99\" height=\"24\" border=\"0\" \/><\/a><\/div>\n<div style=\"align-self: flex-end;\"><span style=\"text-align: right;\"><span style=\"font-size: 1.5em;\"><a href=\"https:\/\/www.jabcomix.com\/main\/tour\/comix\/\">Continuar el Tour<\/a><\/span><\/span><\/div>\n<\/div>\n<\/div>\n<\/div><\/div><\/div><\/div><\/div><\/div><\/div><\/div><\/div><\/div><\/div><\/div><\/div>","protected":false},"excerpt":{"rendered":"<p>Original Comics and Pinups Await Inside! As a JAB member you&#8217;ll gain access to loads of exclusive JAB comics, parodies, sketches, and miscellaneous content like those featured below and more! Over 1000+ Full Color Original Pinups and Parody images of popular past and present TV Cartoons, Movies, Comic Strips and Games! Over 1000+ Sketches DailyContinue reading &rarr;<\/p>","protected":false},"author":1,"featured_media":0,"parent":0,"menu_order":0,"comment_status":"closed","ping_status":"closed","template":"","meta":{"footnotes":""},"class_list":["post-14","page","type-page","status-publish","hentry","no-thumb"],"_links":{"self":[{"href":"https:\/\/www.jabcomix.com\/main\/es\/wp-json\/wp\/v2\/pages\/14","targetHints":{"allow":["GET"]}}],"collection":[{"href":"https:\/\/www.jabcomix.com\/main\/es\/wp-json\/wp\/v2\/pages"}],"about":[{"href":"https:\/\/www.jabcomix.com\/main\/es\/wp-json\/wp\/v2\/types\/page"}],"author":[{"embeddable":true,"href":"https:\/\/www.jabcomix.com\/main\/es\/wp-json\/wp\/v2\/users\/1"}],"replies":[{"embeddable":true,"href":"https:\/\/www.jabcomix.com\/main\/es\/wp-json\/wp\/v2\/comments?post=14"}],"version-history":[{"count":0,"href":"https:\/\/www.jabcomix.com\/main\/es\/wp-json\/wp\/v2\/pages\/14\/revisions"}],"wp:attachment":[{"href":"https:\/\/www.jabcomix.com\/main\/es\/wp-json\/wp\/v2\/media?parent=14"}],"curies":[{"name":"wp","href":"https:\/\/api.w.org\/{rel}","templated":true}]}}