{"id":16,"date":"2017-02-06T05:08:38","date_gmt":"2017-02-06T05:08:38","guid":{"rendered":"https:\/\/www.jabcomix.com\/main\/?page_id=16"},"modified":"2018-07-28T10:07:08","modified_gmt":"2018-07-28T10:07:08","slug":"pinups","status":"publish","type":"page","link":"https:\/\/www.jabcomix.com\/main\/es\/tour\/pinups\/","title":{"rendered":"Pinups"},"content":{"rendered":"<div id=\"pl-16\"  class=\"panel-layout\" ><div id=\"pg-16-0\"  class=\"panel-grid panel-has-style\" ><div class=\"panel-row-style panel-row-style-for-16-0\" ><div id=\"pgc-16-0-0\"  class=\"panel-grid-cell\" ><div id=\"panel-16-0-0-0\" class=\"so-panel widget widget_sow-image panel-first-child panel-last-child widgetopts-SO\" data-index=\"0\" ><div\n\t\t\t\n\t\t\tclass=\"so-widget-sow-image so-widget-sow-image-default-8b5b6f678277-16\"\n\t\t\t\n\t\t>\n<div class=\"sow-image-container\">\n\t\t\t<a href=\"https:\/\/www.jabcomix.com\/main\/es\/\"\n\t\t\t\t\t>\n\t\t\t<img \n\tsrc=\"https:\/\/www.jabcomix.com\/main\/wp-content\/uploads\/2018\/07\/XXXPinupsMainIcon.png\" width=\"200\" height=\"225\" sizes=\"(max-width: 200px) 100vw, 200px\" alt=\"\" \t\tclass=\"so-widget-image\"\/>\n\t\t\t<\/a><\/div>\n\n<\/div><\/div><\/div><div id=\"pgc-16-0-1\"  class=\"panel-grid-cell\" ><div id=\"panel-16-0-1-0\" class=\"so-panel widget widget_sow-editor panel-first-child panel-last-child widgetopts-SO\" data-index=\"1\" ><div\n\t\t\t\n\t\t\tclass=\"so-widget-sow-editor so-widget-sow-editor-base\"\n\t\t\t\n\t\t>\n<div class=\"siteorigin-widget-tinymce textwidget\">\n\t<h2><span style=\"color: #ff9900; font-family: 'Comic Sans MS', cursive, sans-serif;\">Echa un vistazo a nuestros pinups originales calientes!<\/span><\/h2>\n<p><span style=\"font-size: 1.25em\">Hemos estado trabajando arduamente durante a\u00f1os para crear el mejor comix tab\u00fa XXX en la web, \u00a1pero eso no es todo lo que tenemos! \u00a1Nuestra gran selecci\u00f3n de incre\u00edbles Pinups y parodias lo pondr\u00e1n duro o resbaladizo y mojado en un instante! Echa un vistazo a una peque\u00f1a selecci\u00f3n del incre\u00edble contenido que tenemos en nuestra biblioteca:<\/span><\/p>\n<\/div>\n<\/div><\/div><\/div><div id=\"pgc-16-0-2\"  class=\"panel-grid-cell\" >\n\t\t<div id=\"panel-16-0-2-0\" class=\"so-panel widget widget_recent-posts widget_recent_entries panel-first-child panel-last-child extendedwopts-hide extendedwopts-tablet extendedwopts-mobile widgetopts-SO\" data-index=\"2\" >\n\t\t<h3 class=\"widget-title\">\u00daltimas actualizaciones<\/h3>\n\t\t<ul>\n\t\t\t\t\t\t\t\t\t\t\t<li>\n\t\t\t\t\t<a href=\"https:\/\/www.jabcomix.com\/main\/es\/2026\/05\/10\/added-page-6-of-red-angel-11\/\">Added Page 6 of Red Angel #11!<\/a>\n\t\t\t\t\t\t\t\t\t<\/li>\n\t\t\t\t\t\t\t\t\t\t\t<li>\n\t\t\t\t\t<a href=\"https:\/\/www.jabcomix.com\/main\/es\/2026\/05\/08\/added-page-21-of-artificial-probing-3\/\">Added Page 21 of Artificial Probing #3!<\/a>\n\t\t\t\t\t\t\t\t\t<\/li>\n\t\t\t\t\t\t\t\t\t\t\t<li>\n\t\t\t\t\t<a href=\"https:\/\/www.jabcomix.com\/main\/es\/2026\/05\/07\/added-a-new-cartoon-pink-pinup-298\/\">Added a New Cartoon Pink Pinup!<\/a>\n\t\t\t\t\t\t\t\t\t<\/li>\n\t\t\t\t\t<\/ul>\n\n\t\t<\/div><\/div><\/div><\/div><div id=\"pg-16-1\"  class=\"panel-grid panel-has-style\" ><div class=\"panel-row-style panel-row-style-for-16-1\" ><div id=\"pgc-16-1-0\"  class=\"panel-grid-cell\" ><div id=\"panel-16-1-0-0\" class=\"so-panel widget widget_sow-editor panel-first-child panel-last-child extendedwopts-hide extendedwopts-tablet extendedwopts-mobile widgetopts-SO\" data-index=\"3\" ><div\n\t\t\t\n\t\t\tclass=\"so-widget-sow-editor so-widget-sow-editor-base\"\n\t\t\t\n\t\t>\n<div class=\"siteorigin-widget-tinymce textwidget\">\n\t<div class=\"jabnavbox\"><span style=\"text-decoration: underline\">Navegaci\u00f3n<\/span><br \/>\n<a class=\"sidenav navhome\" href=\"https:\/\/www.jabcomix.com\/main\/\">Inicio<\/a><br \/>\n<a class=\"sidenav navtour\" href=\"https:\/\/www.jabcomix.com\/main\/tour\/\">Recorrer<\/a><br \/>\n<a class=\"sidenav navcomix\" href=\"https:\/\/www.jabcomix.com\/main\/tour\/comix\/\">Comix<\/a><br \/>\n<a class=\"sidenav navjoin\" href=\"https:\/\/www.jabcomix.com\/main\/join\/\">\u00danete<\/a><br \/>\n<a class=\"sidenav navtutorial\" href=\"https:\/\/www.jabcomix.com\/main\/tutorial\">Tutorial<\/a><\/div>\n<\/div>\n<\/div><\/div><\/div><div id=\"pgc-16-1-1\"  class=\"panel-grid-cell\" ><div id=\"panel-16-1-1-0\" class=\"so-panel widget widget_sow-editor panel-first-child panel-last-child widgetopts-SO\" data-index=\"4\" ><div\n\t\t\t\n\t\t\tclass=\"so-widget-sow-editor so-widget-sow-editor-base\"\n\t\t\t\n\t\t>\n<div class=\"siteorigin-widget-tinymce textwidget\">\n\t<p style=\"text-align: center;\"><img loading=\"lazy\" decoding=\"async\" class=\"size-full wp-image-11062 aligncenter\" src=\"https:\/\/www.jabcomix.com\/main\/wp-content\/uploads\/2018\/06\/jab-pinup-banner.png\" alt=\"JAB pinup banner\" width=\"800\" height=\"256\" srcset=\"https:\/\/www.jabcomix.com\/main\/wp-content\/uploads\/2018\/06\/jab-pinup-banner.png 800w, https:\/\/www.jabcomix.com\/main\/wp-content\/uploads\/2018\/06\/jab-pinup-banner-300x96.png 300w, https:\/\/www.jabcomix.com\/main\/wp-content\/uploads\/2018\/06\/jab-pinup-banner-768x246.png 768w\" sizes=\"auto, (max-width: 800px) 100vw, 800px\" \/><\/p>\n<p style=\"text-align: left;\">El tentador del tab\u00fa, el proveedor de la perversi\u00f3n, el sult\u00e1n de la t\u00eda, \u00a1el \u00fanico y \u00fanico JAB! Hace muchos a\u00f1os, en una tierra lejana, el genio que es JAB fue bendecido con los sue\u00f1os de hermosas chicas y hermosas chicas, demasiado hermosas para mantenerse contenidas en su incre\u00edble mente. As\u00ed que se dispuso a compartir con el mundo sus visiones de vivas vivaces y cre\u00f3 el sitio web que ves ante ti. Encuentra en estas paredes digitales fantas\u00edas astutas para elevar el esp\u00edritu y los tab\u00faes tentadores para seducir el alma. M\u00e1s de una d\u00e9cada de incre\u00edbles obras de arte originales se encuentran dentro, todo lo que necesita hacer es unirse hoy para disfrutar de la fruta prohibida que es JABComix!<\/p>\n<\/div>\n<\/div><\/div><\/div><div id=\"pgc-16-1-2\"  class=\"panel-grid-cell\" ><div id=\"panel-16-1-2-0\" class=\"so-panel widget widget_sow-editor panel-first-child panel-last-child extendedwopts-hide extendedwopts-tablet extendedwopts-mobile widgetopts-SO\" data-index=\"5\" ><div\n\t\t\t\n\t\t\tclass=\"so-widget-sow-editor so-widget-sow-editor-base\"\n\t\t\t\n\t\t>\n<div class=\"siteorigin-widget-tinymce textwidget\">\n\t<p>\u00a1Eche un vistazo a estas p\u00e1ginas y obtenga una vista previa de nuestro emocionante contenido XXX con bellas chicas, milfs calientes y el sexo toon m\u00e1s caliente de la web! Despu\u00e9s de que hayas probado lo que tenemos para ofrecerte. <a href=\"https:\/\/www.jabcomix.com\/main\/join\/\">\u00a1Unete<\/a> y explore nuestra amplia variedad de combinaciones para adultos y la vasta biblioteca de pinups y bocetos exclusivos!<\/p>\n<\/div>\n<\/div><\/div><\/div><\/div><\/div><div id=\"pg-16-2\"  class=\"panel-grid panel-has-style\" ><div class=\"panel-row-style panel-row-style-for-16-2\" ><div id=\"pgc-16-2-0\"  class=\"panel-grid-cell\" ><div id=\"panel-16-2-0-0\" class=\"so-panel widget widget_sow-editor panel-first-child panel-last-child extendedwopts-hide extendedwopts-tablet extendedwopts-mobile widgetopts-SO\" data-index=\"6\" ><div\n\t\t\t\n\t\t\tclass=\"so-widget-sow-editor so-widget-sow-editor-base\"\n\t\t\t\n\t\t>\n<div class=\"siteorigin-widget-tinymce textwidget\">\n\t<div class=\"newsletter-box\">\n<form action=\"https:\/\/www.jabcomix.com\/mailinglist\/public\/listmessenger.php\" method=\"post\" data-trp-original-action=\"https:\/\/www.jabcomix.com\/mailinglist\/public\/listmessenger.php\"><span class=\"newsheader\">Hoja informativa<\/span><br \/>\n<label for=\"email_address\">E-mail Address:<br \/>\n<input id=\"email_address\" style=\"font-family: arial; font-size: xx-small;\" name=\"email_address\" size=\"25\" type=\"text\" value=\"\" \/><br \/>\n<\/label><\/p>\n<div><label for=\"action_subscribe\">Suscribir<\/label><input id=\"action_subscribe\" checked=\"checked\" name=\"action\" type=\"radio\" value=\"subscribe\" \/><br \/>\n<label for=\"action_unsubscribe\">Darse de baja<\/label><input id=\"action_unsubscribe\" name=\"action\" type=\"radio\" value=\"unsubscribe\" \/><\/div>\n<div style=\"text-align: right;\"><input style=\"font-family: arial; font-size: xx-small;\" name=\"submit\" type=\"submit\" value=\"Enviar\" \/><\/div>\n<div><span class=\"psmall\">Suscr\u00edbase para recibir las principales noticias, actualizaciones y contenido gratuito de JABcomix directamente en su correo electr\u00f3nico.<\/span><\/div>\n<input type=\"hidden\" name=\"trp-form-language\" value=\"es\"\/><\/form>\n<\/div>\n<\/div>\n<\/div><\/div><\/div><div id=\"pgc-16-2-1\"  class=\"panel-grid-cell panel-grid-cell-mobile-last\" ><div id=\"panel-16-2-1-0\" class=\"so-panel widget widget_sow-editor panel-first-child panel-last-child widgetopts-SO\" data-index=\"7\" ><div\n\t\t\t\n\t\t\tclass=\"so-widget-sow-editor so-widget-sow-editor-base\"\n\t\t\t\n\t\t>\n<div class=\"siteorigin-widget-tinymce textwidget\">\n\t<p><img loading=\"lazy\" decoding=\"async\" class=\"size-full wp-image-11061 aligncenter\" src=\"https:\/\/www.jabcomix.com\/main\/wp-content\/uploads\/2018\/06\/amy-banner.png\" alt=\"Amy Matthews\" width=\"800\" height=\"256\" srcset=\"https:\/\/www.jabcomix.com\/main\/wp-content\/uploads\/2018\/06\/amy-banner.png 800w, https:\/\/www.jabcomix.com\/main\/wp-content\/uploads\/2018\/06\/amy-banner-300x96.png 300w, https:\/\/www.jabcomix.com\/main\/wp-content\/uploads\/2018\/06\/amy-banner-768x246.png 768w\" sizes=\"auto, (max-width: 800px) 100vw, 800px\" \/><\/p>\n<p style=\"text-align: left;\">La incomparable Amy Matthews ha desatado sus talentos en JABcomix! Encuentra dentro de una colecci\u00f3n enorme y cada vez mayor de todas sus obras de arte suntuosamente pecaminosas. Del\u00e9itese con sus fetiches m\u00e1s profundos mientras se une a las bellas damas de la imaginaci\u00f3n de Amy para disfrutar de una noche de placeres y placeres tortuosos. \u00a1No te ir\u00e1s decepcionado cuando llames a Amy a tu lado esta noche, \u00fanete hoy y deja que te lleve a un salvaje viaje de lujuria!<\/p>\n<\/div>\n<\/div><\/div><\/div><div id=\"pgc-16-2-2\"  class=\"panel-grid-cell panel-grid-cell-empty\" ><\/div><\/div><\/div><div id=\"pg-16-3\"  class=\"panel-grid panel-has-style\" ><div class=\"panel-row-style panel-row-style-for-16-3\" ><div id=\"pgc-16-3-0\"  class=\"panel-grid-cell panel-grid-cell-empty\" ><\/div><div id=\"pgc-16-3-1\"  class=\"panel-grid-cell panel-grid-cell-mobile-last\" ><div id=\"panel-16-3-1-0\" class=\"so-panel widget widget_sow-editor panel-first-child panel-last-child widgetopts-SO\" data-index=\"8\" ><div class=\"panel-widget-style panel-widget-style-for-16-3-1-0\" ><div\n\t\t\t\n\t\t\tclass=\"so-widget-sow-editor so-widget-sow-editor-base\"\n\t\t\t\n\t\t>\n<div class=\"siteorigin-widget-tinymce textwidget\">\n\t<p><img loading=\"lazy\" decoding=\"async\" class=\"size-full wp-image-11063 aligncenter\" src=\"https:\/\/www.jabcomix.com\/main\/wp-content\/uploads\/2018\/06\/parodies-banner.png\" alt=\"Parodies Banner\" width=\"800\" height=\"256\" srcset=\"https:\/\/www.jabcomix.com\/main\/wp-content\/uploads\/2018\/06\/parodies-banner.png 800w, https:\/\/www.jabcomix.com\/main\/wp-content\/uploads\/2018\/06\/parodies-banner-300x96.png 300w, https:\/\/www.jabcomix.com\/main\/wp-content\/uploads\/2018\/06\/parodies-banner-768x246.png 768w\" sizes=\"auto, (max-width: 800px) 100vw, 800px\" \/><\/p>\n<p style=\"text-align: left;\">\u00a1Cientos de pinups de parodia calientes de tus chicas favoritas de Toon y mujeres de fantas\u00eda te esperan! \u00a1Hemos estado produciendo lo mejor de los pinups de porno de parodia durante a\u00f1os y sabemos que vivir\u00e1s lo que hay dentro! La Regla 34 no comienza a describir las cosas perversas que estas bellezas est\u00e1n haciendo solo para tus ojos, \u00fanete hoy y descubre cu\u00e1n profundo es el agujero del conejo.<\/p>\n<\/div>\n<\/div><\/div><\/div><\/div><div id=\"pgc-16-3-2\"  class=\"panel-grid-cell panel-grid-cell-empty\" ><\/div><\/div><\/div><div id=\"pg-16-4\"  class=\"panel-grid panel-has-style\" ><div class=\"panel-row-style panel-row-style-for-16-4\" ><div id=\"pgc-16-4-0\"  class=\"panel-grid-cell\" ><div id=\"panel-16-4-0-0\" class=\"so-panel widget widget_sow-editor panel-first-child panel-last-child extendedwopts-hide extendedwopts-tablet extendedwopts-mobile widgetopts-SO\" data-index=\"9\" ><div class=\"panel-widget-style panel-widget-style-for-16-4-0-0\" ><div\n\t\t\t\n\t\t\tclass=\"so-widget-sow-editor so-widget-sow-editor-base\"\n\t\t\t\n\t\t>\n<div class=\"siteorigin-widget-tinymce textwidget\">\n\t<div style=\"width: 80%\"><a class=\"normal\" href=\"https:\/\/www.jabcomix.com\/main\/member-services\/\"><b>Servicios para Miembros<\/b><\/a><br \/>\n<span class=\"psmall\">Busque la informaci\u00f3n de su cuenta, nombres de usuario y contrase\u00f1as perdidos, o cancele su suscripci\u00f3n<\/span><\/div>\n<\/div>\n<\/div><\/div><\/div><\/div><div id=\"pgc-16-4-1\"  class=\"panel-grid-cell panel-grid-cell-mobile-last\" ><div id=\"panel-16-4-1-0\" class=\"so-panel widget widget_sow-editor panel-first-child panel-last-child widgetopts-SO\" data-index=\"10\" ><div class=\"panel-widget-style panel-widget-style-for-16-4-1-0\" ><div\n\t\t\t\n\t\t\tclass=\"so-widget-sow-editor so-widget-sow-editor-base\"\n\t\t\t\n\t\t>\n<div class=\"siteorigin-widget-tinymce textwidget\">\n\t<p><img loading=\"lazy\" decoding=\"async\" class=\"size-full wp-image-11064 aligncenter\" src=\"https:\/\/www.jabcomix.com\/main\/wp-content\/uploads\/2018\/06\/more-pinups-banner.png\" alt=\"More Pinups Banner\" width=\"800\" height=\"256\" srcset=\"https:\/\/www.jabcomix.com\/main\/wp-content\/uploads\/2018\/06\/more-pinups-banner.png 800w, https:\/\/www.jabcomix.com\/main\/wp-content\/uploads\/2018\/06\/more-pinups-banner-300x96.png 300w, https:\/\/www.jabcomix.com\/main\/wp-content\/uploads\/2018\/06\/more-pinups-banner-768x246.png 768w\" sizes=\"auto, (max-width: 800px) 100vw, 800px\" \/><\/p>\n<p style=\"text-align: left;\">\u00a1Nuestro equipo de talentosos artistas siempre est\u00e1 creando y eso significa un suministro interminable de pinups XXX para nuestros miembros! Tenemos que mantener esos jugos creativos fluyendo y no hay mejor manera que dibujar un hottie de DD que gotea con humedad. Lo que ves aqu\u00ed es solo una fracci\u00f3n de nuestro incomparable archivo de pinups y parodias, \u00a1un regalo para la vista que te sacar\u00e1 de quicio cada vez! Da un giro a estas chicas y \u00fanete hoy mismo, \u00a1te est\u00e1n esperando con un aliento cebado!<\/p>\n<\/div>\n<\/div><\/div><\/div><\/div><div id=\"pgc-16-4-2\"  class=\"panel-grid-cell panel-grid-cell-empty\" ><\/div><\/div><\/div><div id=\"pg-16-5\"  class=\"panel-grid panel-has-style\" ><div class=\"panel-row-style panel-row-style-for-16-5\" ><div id=\"pgc-16-5-0\"  class=\"panel-grid-cell\" ><div id=\"panel-16-5-0-0\" class=\"so-panel widget widget_sow-editor panel-first-child panel-last-child extendedwopts-hide extendedwopts-tablet extendedwopts-mobile widgetopts-SO\" data-index=\"11\" ><div\n\t\t\t\n\t\t\tclass=\"so-widget-sow-editor so-widget-sow-editor-base\"\n\t\t\t\n\t\t>\n<div class=\"siteorigin-widget-tinymce textwidget\">\n\t<p>email<br \/>\n<a href=\"mailto:jab@jabcomix.com\"><img decoding=\"async\" src=\"https:\/\/www.jabcomix.com\/decor2\/img-envelope.gif\" \/>  Jab<\/a><br \/>\n<a href=\"mailto:admin@jabcomix.com\"><img decoding=\"async\" src=\"https:\/\/www.jabcomix.com\/decor2\/img-envelope.gif\" \/> webmaster<\/a><\/p>\n<\/div>\n<\/div><\/div><\/div><div id=\"pgc-16-5-1\"  class=\"panel-grid-cell\" ><div id=\"panel-16-5-1-0\" class=\"so-panel widget widget_sow-editor panel-first-child panel-last-child widgetopts-SO\" data-index=\"12\" ><div class=\"panel-widget-style panel-widget-style-for-16-5-1-0\" ><div\n\t\t\t\n\t\t\tclass=\"so-widget-sow-editor so-widget-sow-editor-base\"\n\t\t\t\n\t\t>\n<div class=\"siteorigin-widget-tinymce textwidget\">\n\t<div style=\"height: 50px; display: flex; justify-content: space-between; align-items: bottom;\">\n<div style=\"align-self: flex-end;\"><a href=\"https:\/\/www.jabcomix.com\/main\/join\/\">Obt\u00e9n acceso instant\u00e1neo a todo esto y mucho m\u00e1s!<\/a><a href=\"https:\/\/www.jabcomix.com\/main\/join\/\"><img loading=\"lazy\" decoding=\"async\" style=\"vertical-align: middle;\" src=\"https:\/\/www.jabcomix.com\/decor\/joinnow.gif\" width=\"99\" height=\"24\" border=\"0\" \/><\/a><\/div>\n<div style=\"align-self: flex-end;\"><span style=\"text-align: right;\"><span style=\"font-size: 1.5em;\"><a href=\"https:\/\/www.jabcomix.com\/main\/tour\/sketches\/\">Continuar el Tour<\/a><\/span><\/span><\/div>\n<\/div>\n<\/div>\n<\/div><\/div><\/div><\/div><\/div><\/div><\/div>","protected":false},"excerpt":{"rendered":"<p>Check out our hot original pinups! We&#8217;ve been working hard for years to create the hottest XXX taboo Comix on the web, but that&#8217;s not all we have! Our huge selection of incredible Pinups and Parodies will get you rock hard or slick and wet in no time! Check out just a small selection ofContinue reading &rarr;<\/p>","protected":false},"author":1,"featured_media":0,"parent":14,"menu_order":0,"comment_status":"closed","ping_status":"closed","template":"","meta":{"footnotes":""},"class_list":["post-16","page","type-page","status-publish","hentry","no-thumb"],"_links":{"self":[{"href":"https:\/\/www.jabcomix.com\/main\/es\/wp-json\/wp\/v2\/pages\/16","targetHints":{"allow":["GET"]}}],"collection":[{"href":"https:\/\/www.jabcomix.com\/main\/es\/wp-json\/wp\/v2\/pages"}],"about":[{"href":"https:\/\/www.jabcomix.com\/main\/es\/wp-json\/wp\/v2\/types\/page"}],"author":[{"embeddable":true,"href":"https:\/\/www.jabcomix.com\/main\/es\/wp-json\/wp\/v2\/users\/1"}],"replies":[{"embeddable":true,"href":"https:\/\/www.jabcomix.com\/main\/es\/wp-json\/wp\/v2\/comments?post=16"}],"version-history":[{"count":0,"href":"https:\/\/www.jabcomix.com\/main\/es\/wp-json\/wp\/v2\/pages\/16\/revisions"}],"up":[{"embeddable":true,"href":"https:\/\/www.jabcomix.com\/main\/es\/wp-json\/wp\/v2\/pages\/14"}],"wp:attachment":[{"href":"https:\/\/www.jabcomix.com\/main\/es\/wp-json\/wp\/v2\/media?parent=16"}],"curies":[{"name":"wp","href":"https:\/\/api.w.org\/{rel}","templated":true}]}}