{"id":17,"date":"2017-02-06T05:08:38","date_gmt":"2017-02-06T05:08:38","guid":{"rendered":"https:\/\/www.jabcomix.com\/main\/?page_id=17"},"modified":"2021-01-09T22:27:28","modified_gmt":"2021-01-10T05:27:28","slug":"sketches","status":"publish","type":"page","link":"https:\/\/www.jabcomix.com\/main\/es\/tour\/sketches\/","title":{"rendered":"Bocetos"},"content":{"rendered":"<div id=\"pl-17\"  class=\"panel-layout\" ><div id=\"pg-17-0\"  class=\"panel-grid panel-has-style\" ><div class=\"panel-row-style panel-row-style-for-17-0\" ><div id=\"pgc-17-0-0\"  class=\"panel-grid-cell\" ><div id=\"panel-17-0-0-0\" class=\"so-panel widget widget_sow-image panel-first-child panel-last-child widgetopts-SO\" data-index=\"0\" ><div\n\t\t\t\n\t\t\tclass=\"so-widget-sow-image so-widget-sow-image-default-8b5b6f678277-17\"\n\t\t\t\n\t\t>\n<div class=\"sow-image-container\">\n\t\t\t<a href=\"https:\/\/www.jabcomix.com\/main\/es\/\"\n\t\t\t\t\t>\n\t\t\t<img \n\tsrc=\"https:\/\/www.jabcomix.com\/main\/wp-content\/uploads\/2018\/07\/HotSketchesMainIcon.png\" width=\"200\" height=\"225\" sizes=\"(max-width: 200px) 100vw, 200px\" alt=\"\" \t\tclass=\"so-widget-image\"\/>\n\t\t\t<\/a><\/div>\n\n<\/div><\/div><\/div><div id=\"pgc-17-0-1\"  class=\"panel-grid-cell\" ><div id=\"panel-17-0-1-0\" class=\"so-panel widget widget_sow-editor panel-first-child panel-last-child widgetopts-SO\" data-index=\"1\" ><div\n\t\t\t\n\t\t\tclass=\"so-widget-sow-editor so-widget-sow-editor-base\"\n\t\t\t\n\t\t>\n<div class=\"siteorigin-widget-tinymce textwidget\">\n\t<h2><span style=\"color: #ff9900; font-family: 'Comic Sans MS', cursive, sans-serif;\">Un vasto archivo de bocetos de artistas!<\/span><\/h2>\n<p><span style=\"font-size: 1.25em\">La creaci\u00f3n es un proceso desordenado, se generan muchas ideas que quiz\u00e1s nunca vean la luz del d\u00eda, las variaciones de las escenas cobrar\u00e1n vida y ser\u00e1n exiliadas a la papelera, y aqu\u00ed encontrar\u00e1s todo ese maravilloso contenido que a\u00fan no se ha hecho. O ya golpe\u00f3 el piso de la sala de corte Nuestra colecci\u00f3n de bocetos de artistas originales es vasta, y abarca todos nuestros c\u00f3mics y todas las ideas pervertidas que nuestros artistas han visto como garabatos:<\/span><\/p>\n<\/div>\n<\/div><\/div><\/div><div id=\"pgc-17-0-2\"  class=\"panel-grid-cell\" >\n\t\t<div id=\"panel-17-0-2-0\" class=\"so-panel widget widget_recent-posts widget_recent_entries panel-first-child panel-last-child extendedwopts-hide extendedwopts-tablet extendedwopts-mobile widgetopts-SO\" data-index=\"2\" >\n\t\t<h3 class=\"widget-title\">\u00daltimas actualizaciones<\/h3>\n\t\t<ul>\n\t\t\t\t\t\t\t\t\t\t\t<li>\n\t\t\t\t\t<a href=\"https:\/\/www.jabcomix.com\/main\/es\/2026\/05\/05\/added-page-12-of-holli-would-4\/\">Added Page 12 of Holli Would #4!<\/a>\n\t\t\t\t\t\t\t\t\t<\/li>\n\t\t\t\t\t\t\t\t\t\t\t<li>\n\t\t\t\t\t<a href=\"https:\/\/www.jabcomix.com\/main\/es\/2026\/04\/30\/added-page-20-of-artificial-probing-3\/\">Added Page 20 of Artificial Probing #3!<\/a>\n\t\t\t\t\t\t\t\t\t<\/li>\n\t\t\t\t\t\t\t\t\t\t\t<li>\n\t\t\t\t\t<a href=\"https:\/\/www.jabcomix.com\/main\/es\/2026\/04\/28\/added-a-new-cartoon-pink-pinup-297\/\">Added a New Cartoon Pink Pinup!<\/a>\n\t\t\t\t\t\t\t\t\t<\/li>\n\t\t\t\t\t<\/ul>\n\n\t\t<\/div><\/div><\/div><\/div><div id=\"pg-17-1\"  class=\"panel-grid panel-has-style\" ><div class=\"panel-row-style panel-row-style-for-17-1\" ><div id=\"pgc-17-1-0\"  class=\"panel-grid-cell\" ><div id=\"panel-17-1-0-0\" class=\"so-panel widget widget_sow-editor panel-first-child panel-last-child extendedwopts-hide extendedwopts-tablet extendedwopts-mobile widgetopts-SO\" data-index=\"3\" ><div\n\t\t\t\n\t\t\tclass=\"so-widget-sow-editor so-widget-sow-editor-base\"\n\t\t\t\n\t\t>\n<div class=\"siteorigin-widget-tinymce textwidget\">\n\t<div class=\"jabnavbox\"><span style=\"text-decoration: underline\">Navegaci\u00f3n<\/span><br \/>\n<a class=\"sidenav navhome\" href=\"https:\/\/www.jabcomix.com\/main\/\">Inicio<\/a><br \/>\n<a class=\"sidenav navtour\" href=\"https:\/\/www.jabcomix.com\/main\/tour\/\">Recorrer<\/a><br \/>\n<a class=\"sidenav navcomix\" href=\"https:\/\/www.jabcomix.com\/main\/tour\/comix\/\">Comix<\/a><br \/>\n<a class=\"sidenav navjoin\" href=\"https:\/\/www.jabcomix.com\/main\/join\/\">\u00danete<\/a><br \/>\n<a class=\"sidenav navtutorial\" href=\"https:\/\/www.jabcomix.com\/main\/tutorial\">Tutorial<\/a><\/div>\n<\/div>\n<\/div><\/div><\/div><div id=\"pgc-17-1-1\"  class=\"panel-grid-cell\" ><div id=\"panel-17-1-1-0\" class=\"so-panel widget widget_sow-editor panel-first-child panel-last-child widgetopts-SO\" data-index=\"4\" ><div\n\t\t\t\n\t\t\tclass=\"so-widget-sow-editor so-widget-sow-editor-base\"\n\t\t\t\n\t\t>\n<div class=\"siteorigin-widget-tinymce textwidget\">\n\t<p><img loading=\"lazy\" decoding=\"async\" class=\"size-full wp-image-11160 aligncenter\" src=\"https:\/\/www.jabcomix.com\/main\/wp-content\/uploads\/2018\/06\/original-sketches-banner.png\" alt=\"Original Sketches\" width=\"800\" height=\"256\" srcset=\"https:\/\/www.jabcomix.com\/main\/wp-content\/uploads\/2018\/06\/original-sketches-banner.png 800w, https:\/\/www.jabcomix.com\/main\/wp-content\/uploads\/2018\/06\/original-sketches-banner-300x96.png 300w, https:\/\/www.jabcomix.com\/main\/wp-content\/uploads\/2018\/06\/original-sketches-banner-768x246.png 768w\" sizes=\"auto, (max-width: 800px) 100vw, 800px\" \/><\/p>\n<p style=\"text-align: center;\">\u00a1Las mentes de nuestros artistas simplemente no pueden ser detenidas y tienen que dibujar! Eso significa que m\u00e1s de mil bocetos originales de nuestro equipo completo de talentosos artistas te est\u00e1n esperando. \u00a1\u00danase hoy y experimente lo que se necesita para darle vida a un c\u00f3mic con estos exclusivos bocetos detr\u00e1s de escena y las perversiones pasajeras que son el coraz\u00f3n de todo lo que creamos! \u00a1No encontrar\u00e1s una colecci\u00f3n de pura imaginaci\u00f3n llena de sofocante sabor y un erotismo indomable como este en cualquier otro lugar de la web!<\/p>\n<\/div>\n<\/div><\/div><\/div><div id=\"pgc-17-1-2\"  class=\"panel-grid-cell\" ><div id=\"panel-17-1-2-0\" class=\"so-panel widget widget_sow-editor panel-first-child panel-last-child extendedwopts-hide extendedwopts-tablet extendedwopts-mobile widgetopts-SO\" data-index=\"5\" ><div\n\t\t\t\n\t\t\tclass=\"so-widget-sow-editor so-widget-sow-editor-base\"\n\t\t\t\n\t\t>\n<div class=\"siteorigin-widget-tinymce textwidget\">\n\t<p>\u00a1Eche un vistazo a estas p\u00e1ginas y obtenga una vista previa de nuestro emocionante contenido XXX con bellas chicas, milfs calientes y el sexo toon m\u00e1s caliente de la web! Despu\u00e9s de que hayas probado lo que tenemos para ofrecerte. <a href=\"https:\/\/www.jabcomix.com\/main\/join\/\">\u00a1Unete<\/a> y explore nuestra amplia variedad de combinaciones para adultos y la vasta biblioteca de pinups y bocetos exclusivos!<\/p>\n<\/div>\n<\/div><\/div><\/div><\/div><\/div><div id=\"pg-17-2\"  class=\"panel-grid panel-has-style\" ><div class=\"panel-row-style panel-row-style-for-17-2\" ><div id=\"pgc-17-2-0\"  class=\"panel-grid-cell\" ><div id=\"panel-17-2-0-0\" class=\"so-panel widget widget_sow-editor panel-first-child panel-last-child extendedwopts-hide extendedwopts-tablet extendedwopts-mobile widgetopts-SO\" data-index=\"6\" ><div\n\t\t\t\n\t\t\tclass=\"so-widget-sow-editor so-widget-sow-editor-base\"\n\t\t\t\n\t\t>\n<div class=\"siteorigin-widget-tinymce textwidget\">\n\t<div class=\"newsletter-box\">\n<form action=\"https:\/\/www.jabcomix.com\/mailinglist\/public\/listmessenger.php\" method=\"post\" data-trp-original-action=\"https:\/\/www.jabcomix.com\/mailinglist\/public\/listmessenger.php\"><span class=\"newsheader\">Hoja informativa<\/span><br \/>\n<label for=\"email_address\">E-mail Address:<br \/>\n<input id=\"email_address\" style=\"font-family: arial; font-size: xx-small;\" name=\"email_address\" size=\"25\" type=\"text\" value=\"\" \/><br \/>\n<\/label><\/p>\n<div><label for=\"action_subscribe\">Suscribir<\/label><input id=\"action_subscribe\" checked=\"checked\" name=\"action\" type=\"radio\" value=\"subscribe\" \/><br \/>\n<label for=\"action_unsubscribe\">Darse de baja<\/label><input id=\"action_unsubscribe\" name=\"action\" type=\"radio\" value=\"unsubscribe\" \/><\/div>\n<div style=\"text-align: right;\"><input style=\"font-family: arial; font-size: xx-small;\" name=\"submit\" type=\"submit\" value=\"Enviar\" \/><\/div>\n<div><span class=\"psmall\">Suscr\u00edbase para recibir las principales noticias, actualizaciones y contenido gratuito de JABcomix directamente en su correo electr\u00f3nico.<\/span><\/div>\n<input type=\"hidden\" name=\"trp-form-language\" value=\"es\"\/><\/form>\n<\/div>\n<\/div>\n<\/div><\/div><\/div><div id=\"pgc-17-2-1\"  class=\"panel-grid-cell panel-grid-cell-mobile-last\" ><div id=\"panel-17-2-1-0\" class=\"so-panel widget widget_sow-editor panel-first-child panel-last-child widgetopts-SO\" data-index=\"7\" ><div\n\t\t\t\n\t\t\tclass=\"so-widget-sow-editor so-widget-sow-editor-base\"\n\t\t\t\n\t\t>\n<div class=\"siteorigin-widget-tinymce textwidget\">\n\t<p><img loading=\"lazy\" decoding=\"async\" class=\"size-full wp-image-11158 aligncenter\" src=\"https:\/\/www.jabcomix.com\/main\/wp-content\/uploads\/2018\/06\/character-sheets-banner.png\" alt=\"Character Sheets\" width=\"800\" height=\"256\" srcset=\"https:\/\/www.jabcomix.com\/main\/wp-content\/uploads\/2018\/06\/character-sheets-banner.png 800w, https:\/\/www.jabcomix.com\/main\/wp-content\/uploads\/2018\/06\/character-sheets-banner-300x96.png 300w, https:\/\/www.jabcomix.com\/main\/wp-content\/uploads\/2018\/06\/character-sheets-banner-768x246.png 768w\" sizes=\"auto, (max-width: 800px) 100vw, 800px\" \/><\/p>\n<p style=\"text-align: center;\">Cada personaje comienza su vida como un humilde boceto de l\u00e1piz y papel, reci\u00e9n llegado de las mentes de nuestro talentoso equipo. Estas son las bellas damas y los guapos t\u00edos que llenan tus sue\u00f1os por la noche. El proceso de creaci\u00f3n tiene muchos pasos y los personajes crecer\u00e1n a trav\u00e9s de las fases de desarrollo hasta que est\u00e9n listos para la pantalla grande. \u00a1\u00danase hoy y eche un vistazo a estas bellezas que se ponen al descubierto, su tinta y pintura se eliminan para revelar a las chicas desali\u00f1adas que comenzaron como!<\/p>\n<\/div>\n<\/div><\/div><\/div><div id=\"pgc-17-2-2\"  class=\"panel-grid-cell panel-grid-cell-empty\" ><\/div><\/div><\/div><div id=\"pg-17-3\"  class=\"panel-grid panel-has-style\" ><div class=\"panel-row-style panel-row-style-for-17-3\" ><div id=\"pgc-17-3-0\"  class=\"panel-grid-cell panel-grid-cell-empty\" ><\/div><div id=\"pgc-17-3-1\"  class=\"panel-grid-cell panel-grid-cell-mobile-last\" ><div id=\"panel-17-3-1-0\" class=\"so-panel widget widget_sow-editor panel-first-child panel-last-child widgetopts-SO\" data-index=\"8\" ><div\n\t\t\t\n\t\t\tclass=\"so-widget-sow-editor so-widget-sow-editor-base\"\n\t\t\t\n\t\t>\n<div class=\"siteorigin-widget-tinymce textwidget\">\n\t<p><img loading=\"lazy\" decoding=\"async\" class=\"size-full wp-image-11159 aligncenter\" src=\"https:\/\/www.jabcomix.com\/main\/wp-content\/uploads\/2018\/06\/scene-designs-banner.png\" alt=\"Scene Designs\" width=\"800\" height=\"256\" srcset=\"https:\/\/www.jabcomix.com\/main\/wp-content\/uploads\/2018\/06\/scene-designs-banner.png 800w, https:\/\/www.jabcomix.com\/main\/wp-content\/uploads\/2018\/06\/scene-designs-banner-300x96.png 300w, https:\/\/www.jabcomix.com\/main\/wp-content\/uploads\/2018\/06\/scene-designs-banner-768x246.png 768w\" sizes=\"auto, (max-width: 800px) 100vw, 800px\" \/><\/p>\n<p style=\"text-align: center;\">Cada escena atraviesa un extenso proceso de dise\u00f1o, ning\u00fan \u00e1ngulo no considerado, ning\u00fan detalle no recordado, ning\u00fan co\u00f1o dejado sin cortar, la pasi\u00f3n que conlleva la creaci\u00f3n de nuestro Comix significa que obtienes contenido de mayor calidad que en cualquier lugar de la web. Compare nuestros muchos dise\u00f1os y bocetos para escenas calientes y t\u00f3rridas con las p\u00e1ginas terminadas, vea c\u00f3mo la pasi\u00f3n entre los amantes evoluciona de l\u00e1piz a p\u00e1gina, nuestra biblioteca de bocetos est\u00e1 llena de dise\u00f1os que se convirtieron en favoritos de los fan\u00e1ticos, Ay Papi, My Hot Ass Neighbor, Dat Ass, y muchos m\u00e1s!<\/p>\n<\/div>\n<\/div><\/div><\/div><div id=\"pgc-17-3-2\"  class=\"panel-grid-cell panel-grid-cell-empty\" ><\/div><\/div><\/div><div id=\"pg-17-4\"  class=\"panel-grid panel-has-style\" ><div class=\"panel-row-style panel-row-style-for-17-4\" ><div id=\"pgc-17-4-0\"  class=\"panel-grid-cell\" ><div id=\"panel-17-4-0-0\" class=\"so-panel widget widget_sow-editor panel-first-child panel-last-child extendedwopts-hide extendedwopts-tablet extendedwopts-mobile widgetopts-SO\" data-index=\"9\" ><div class=\"panel-widget-style panel-widget-style-for-17-4-0-0\" ><div\n\t\t\t\n\t\t\tclass=\"so-widget-sow-editor so-widget-sow-editor-base\"\n\t\t\t\n\t\t>\n<div class=\"siteorigin-widget-tinymce textwidget\">\n\t<div style=\"width: 80%\"><a class=\"normal\" href=\"https:\/\/www.jabcomix.com\/main\/member-services\/\"><b>Servicios para Miembros<\/b><\/a><br \/>\n<span class=\"psmall\">Busque la informaci\u00f3n de su cuenta, nombres de usuario y contrase\u00f1as perdidos, o cancele su suscripci\u00f3n<\/span><\/div>\n<\/div>\n<\/div><\/div><\/div><\/div><div id=\"pgc-17-4-1\"  class=\"panel-grid-cell panel-grid-cell-mobile-last\" ><div id=\"panel-17-4-1-0\" class=\"so-panel widget widget_sow-editor panel-first-child panel-last-child widgetopts-SO\" data-index=\"10\" ><div class=\"panel-widget-style panel-widget-style-for-17-4-1-0\" ><div\n\t\t\t\n\t\t\tclass=\"so-widget-sow-editor so-widget-sow-editor-base\"\n\t\t\t\n\t\t>\n<div class=\"siteorigin-widget-tinymce textwidget\">\n\t<p><img loading=\"lazy\" decoding=\"async\" class=\"size-full wp-image-11161 aligncenter\" src=\"https:\/\/www.jabcomix.com\/main\/wp-content\/uploads\/2018\/06\/future-sketches-banner.png\" alt=\"Future Sketches\" width=\"800\" height=\"256\" srcset=\"https:\/\/www.jabcomix.com\/main\/wp-content\/uploads\/2018\/06\/future-sketches-banner.png 800w, https:\/\/www.jabcomix.com\/main\/wp-content\/uploads\/2018\/06\/future-sketches-banner-300x96.png 300w, https:\/\/www.jabcomix.com\/main\/wp-content\/uploads\/2018\/06\/future-sketches-banner-768x246.png 768w\" sizes=\"auto, (max-width: 800px) 100vw, 800px\" \/><\/p>\n<p style=\"text-align: center;\">\u00a1A veces parece que el futuro ya ha llegado, y en ninguna parte es m\u00e1s cierto que en las profundidades de nuestra biblioteca de bocetos y bocetos! \u00a1Grandes mentes como las de JAB, LAZ, JFM, Bliss y todos los otros artistas talentosos de nuestro equipo siempre est\u00e1n tratando con nuevas ideas, nuevas chicas, nuevas escenas de salsas, y ese flujo no se puede detener! Encontrar\u00e1 tesoros ocultos en nuestros archivos que muestran la promesa del ma\u00f1ana, c\u00f3mics que podr\u00edan ser alg\u00fan d\u00eda o inspiraciones para el futuro que solo existir\u00e1n aqu\u00ed, la construcci\u00f3n fugaz de un artista en celo. \u00a1\u00danase hoy y vea qu\u00e9 gemas est\u00e1n esperando para el d\u00eda en que puedan ver la luz!<\/p>\n<\/div>\n<\/div><\/div><\/div><\/div><div id=\"pgc-17-4-2\"  class=\"panel-grid-cell panel-grid-cell-empty\" ><\/div><\/div><\/div><div id=\"pg-17-5\"  class=\"panel-grid panel-has-style\" ><div class=\"panel-row-style panel-row-style-for-17-5\" ><div id=\"pgc-17-5-0\"  class=\"panel-grid-cell\" ><div id=\"panel-17-5-0-0\" class=\"so-panel widget widget_sow-editor panel-first-child panel-last-child extendedwopts-hide extendedwopts-tablet extendedwopts-mobile widgetopts-SO\" data-index=\"11\" ><div\n\t\t\t\n\t\t\tclass=\"so-widget-sow-editor so-widget-sow-editor-base\"\n\t\t\t\n\t\t>\n<div class=\"siteorigin-widget-tinymce textwidget\">\n\t<p>email<br \/>\n<a href=\"mailto:jab@jabcomix.com\"><img decoding=\"async\" src=\"https:\/\/www.jabcomix.com\/decor2\/img-envelope.gif\" \/>  Jab<\/a><br \/>\n<a href=\"mailto:support@jabcomix.com\"><img decoding=\"async\" src=\"https:\/\/www.jabcomix.com\/decor2\/img-envelope.gif\" \/> support<\/a><\/p>\n<\/div>\n<\/div><\/div><\/div><div id=\"pgc-17-5-1\"  class=\"panel-grid-cell\" ><div id=\"panel-17-5-1-0\" class=\"so-panel widget widget_sow-editor panel-first-child panel-last-child widgetopts-SO\" data-index=\"12\" ><div class=\"panel-widget-style panel-widget-style-for-17-5-1-0\" ><div\n\t\t\t\n\t\t\tclass=\"so-widget-sow-editor so-widget-sow-editor-base\"\n\t\t\t\n\t\t>\n<div class=\"siteorigin-widget-tinymce textwidget\">\n\t<div style=\"height: 50px; display: flex; justify-content: space-between; align-items: bottom;\">\n<div style=\"align-self: flex-end;\"><a href=\"https:\/\/www.jabcomix.com\/main\/join\/\">Obt\u00e9n acceso instant\u00e1neo a todo esto y mucho m\u00e1s!<\/a><a href=\"https:\/\/www.jabcomix.com\/main\/join\/\"><img loading=\"lazy\" decoding=\"async\" style=\"vertical-align: middle;\" src=\"https:\/\/www.jabcomix.com\/decor\/joinnow.gif\" width=\"99\" height=\"24\" border=\"0\" \/><\/a><\/div>\n<div style=\"align-self: flex-end;\"><span style=\"text-align: right;\"><span style=\"font-size: 1.5em;\"><a href=\"https:\/\/www.jabcomix.com\/main\/join\/\">\u00danete hoy &gt; &gt; &gt;<\/a><\/span><\/span><\/div>\n<\/div>\n<\/div>\n<\/div><\/div><\/div><\/div><\/div><\/div><\/div>","protected":false},"excerpt":{"rendered":"<p>A vast archive of artist sketches! Creation is a messy process, lots of ideas are spun out that might never see the light of day, variations of scenes will come to life and be exiled to the rubbish bin, and here you will find all that wonderful content that has yet to be or alreadyContinue reading &rarr;<\/p>","protected":false},"author":1,"featured_media":0,"parent":14,"menu_order":0,"comment_status":"closed","ping_status":"closed","template":"","meta":{"footnotes":""},"class_list":["post-17","page","type-page","status-publish","hentry","no-thumb"],"_links":{"self":[{"href":"https:\/\/www.jabcomix.com\/main\/es\/wp-json\/wp\/v2\/pages\/17","targetHints":{"allow":["GET"]}}],"collection":[{"href":"https:\/\/www.jabcomix.com\/main\/es\/wp-json\/wp\/v2\/pages"}],"about":[{"href":"https:\/\/www.jabcomix.com\/main\/es\/wp-json\/wp\/v2\/types\/page"}],"author":[{"embeddable":true,"href":"https:\/\/www.jabcomix.com\/main\/es\/wp-json\/wp\/v2\/users\/1"}],"replies":[{"embeddable":true,"href":"https:\/\/www.jabcomix.com\/main\/es\/wp-json\/wp\/v2\/comments?post=17"}],"version-history":[{"count":0,"href":"https:\/\/www.jabcomix.com\/main\/es\/wp-json\/wp\/v2\/pages\/17\/revisions"}],"up":[{"embeddable":true,"href":"https:\/\/www.jabcomix.com\/main\/es\/wp-json\/wp\/v2\/pages\/14"}],"wp:attachment":[{"href":"https:\/\/www.jabcomix.com\/main\/es\/wp-json\/wp\/v2\/media?parent=17"}],"curies":[{"name":"wp","href":"https:\/\/api.w.org\/{rel}","templated":true}]}}